{"id":435,"date":"2013-11-04T20:22:39","date_gmt":"2013-11-04T20:22:39","guid":{"rendered":"http:\/\/www.societadeborg.it\/wordpress\/?page_id=435"},"modified":"2013-12-02T19:18:54","modified_gmt":"2013-12-02T19:18:54","slug":"come-associarsi","status":"publish","type":"page","link":"http:\/\/www.societadeborg.it\/?page_id=435","title":{"rendered":"Come associarsi"},"content":{"rendered":"<p>Perch\u00e9 associarsi alla Societ\u00e0 de Borg?<\/p>\n<p>Perch\u00e9 Societ\u00e0 de Borg \u00e8 una associazione privata, laica, indipendente e apolitica, che opera socialmente e culturalmente per il bene del Borgo, ne documenta la bellezza, promuove le iniziative della comunit\u00e0 locale (Festa de Borg), si impegna per una cultura che sia conoscenza, approfondimento e occasione di crescita.<\/p>\n<p><a href=\"http:\/\/www.societadeborg.it\/wordpress\/wp-content\/uploads\/2013\/12\/tesserasdb..jpg\"><img decoding=\"async\" loading=\"lazy\" class=\"alignnone  wp-image-663\" alt=\"tesserasdb.\" src=\"http:\/\/www.societadeborg.it\/wordpress\/wp-content\/uploads\/2013\/12\/tesserasdb..jpg\" width=\"377\" height=\"194\" srcset=\"http:\/\/www.societadeborg.it\/wordpress\/wp-content\/uploads\/2013\/12\/tesserasdb..jpg 629w, http:\/\/www.societadeborg.it\/wordpress\/wp-content\/uploads\/2013\/12\/tesserasdb.-300x154.jpg 300w\" sizes=\"(max-width: 377px) 100vw, 377px\" \/><\/a><\/p>\n<p>Puoi associarti anche tu richiedendo la tessera associativa (euro 5,00) direttamente a:<br \/>\nsocietadeborg@gmail.com<br \/>\n(lasciandoci il tuo nome e il tuo cell. ti ricontatteremo immediatamente).<\/p>\n","protected":false},"excerpt":{"rendered":"<p>Perch\u00e9 associarsi alla Societ\u00e0 de Borg? Perch\u00e9 Societ\u00e0 de Borg \u00e8 una associazione privata, laica, indipendente e apolitica, che opera socialmente e culturalmente per il bene del Borgo, ne documenta la bellezza, promuove le iniziative della comunit\u00e0 locale (Festa de Borg), si impegna per una cultura che sia conoscenza, approfondimento e occasione di crescita. Puoi associarti anche tu richiedendo la tessera associativa (euro 5,00) direttamente a: societadeborg@gmail.com (lasciandoci il tuo nome e il tuo cell. ti ricontatteremo immediatamente).<\/p>\n","protected":false},"author":1,"featured_media":0,"parent":30,"menu_order":0,"comment_status":"closed","ping_status":"closed","template":"","meta":[],"_links":{"self":[{"href":"http:\/\/www.societadeborg.it\/index.php?rest_route=\/wp\/v2\/pages\/435"}],"collection":[{"href":"http:\/\/www.societadeborg.it\/index.php?rest_route=\/wp\/v2\/pages"}],"about":[{"href":"http:\/\/www.societadeborg.it\/index.php?rest_route=\/wp\/v2\/types\/page"}],"author":[{"embeddable":true,"href":"http:\/\/www.societadeborg.it\/index.php?rest_route=\/wp\/v2\/users\/1"}],"replies":[{"embeddable":true,"href":"http:\/\/www.societadeborg.it\/index.php?rest_route=%2Fwp%2Fv2%2Fcomments&post=435"}],"version-history":[{"count":11,"href":"http:\/\/www.societadeborg.it\/index.php?rest_route=\/wp\/v2\/pages\/435\/revisions"}],"predecessor-version":[{"id":673,"href":"http:\/\/www.societadeborg.it\/index.php?rest_route=\/wp\/v2\/pages\/435\/revisions\/673"}],"up":[{"embeddable":true,"href":"http:\/\/www.societadeborg.it\/index.php?rest_route=\/wp\/v2\/pages\/30"}],"wp:attachment":[{"href":"http:\/\/www.societadeborg.it\/index.php?rest_route=%2Fwp%2Fv2%2Fmedia&parent=435"}],"curies":[{"name":"wp","href":"https:\/\/api.w.org\/{rel}","templated":true}]}}