{"id":374,"date":"2013-11-04T15:13:49","date_gmt":"2013-11-04T15:13:49","guid":{"rendered":"http:\/\/www.societadeborg.it\/wordpress\/?page_id=374"},"modified":"2013-11-04T16:18:16","modified_gmt":"2013-11-04T16:18:16","slug":"spettacoli-nellinvaso","status":"publish","type":"page","link":"http:\/\/www.societadeborg.it\/?page_id=374","title":{"rendered":"Spettacoli nell&#8217;invaso"},"content":{"rendered":"<p><center><img decoding=\"async\" loading=\"lazy\" class=\"alignleft\" alt=\"\" src=\"http:\/\/www.societadeborg.it\/images\/spettacoloinvasosabato.png\" width=\"378\" height=\"450\" align=\"absMiddle\" border=\"0\" hspace=\"4\" vspace=\"4\" \/><\/center><\/p>\n<div title=\"Page 2\">\n<p style=\"text-align: left;\"><span style=\"font-family: Verdana; font-size: large;\"><span style=\"color: #351c75;\">SABATO 1 SETTEMBRE<\/span><br \/>\nORE 21.15 &#8211; INVASO PONTE DI TIBERIO<br \/>\n<\/span><span style=\"font-family: Verdana;\">DAL BIG BANG ALLA FINE DEL MONDO: IL GIORNO DELL\u2019IRA, LA PROFEZIA<br \/>\n<\/span><span style=\"font-family: Verdana;\">2012: il Pianeta Terra \u00e8 a un passo dal baratro, la temibile profezia Maya non sembra essere pi\u00f9 solo una profezia per riempire i palinsesti dei vari discovery channel. Le nazioni si disgregano, il pianeta s\u2019ammala di un male sempre pi\u00f9 incurabile, gli spread impazziscono: il Ciclo dei Cicli &#8211; il Lungo Computo Maya &#8211; volge al suo termine poi la catastrofe, il giorno dell\u2019ira, l\u2019oblio. Tuttavia in mezzo a tanto scoramento, non tutto \u00e8 perduto e la Terra e la Storia si possono ancora salvare. E\u2019 un racconto di musica, fuoco e parole che ce lo riveler\u00e0.<br \/>\n<\/span><span style=\"font-family: Verdana; font-size: small;\">Eseguono il \u201cDies Irae\u201d dal Requiem di Verdi: l\u2018Orchestra Sinfonica G.Rossini e l&#8217;Orchestra d\u2019Archi Lettimi con Coro A.Galli e Coro Lirico M.Alboni. Direttore d\u2019orchestra: Matteo Salvemini. Voci soliste: Kelly McClandon (soprano), Laura Brioli (mezzosoprano), Marco Mustaro (tenore) e Andrea Mastroni (basso). Recita: Alessia Canducci. Fuochi ed e<\/span><span style=\"font-family: Verdana; font-size: small;\">ffetti speciali: Scarpato\u00a0<\/span><\/p>\n<\/div>\n<p><center><img decoding=\"async\" loading=\"lazy\" class=\"alignleft\" alt=\"\" src=\"http:\/\/www.societadeborg.it\/images\/PIETRO.nobile.jpg?560\" width=\"267\" height=\"320\" align=\"absMiddle\" border=\"0\" hspace=\"4\" vspace=\"4\" \/><span style=\"font-family: Verdana; font-size: large;\"><span style=\"color: #351c75;\">DOMENICA 2 SETTEMBRE<br \/>\n<\/span><\/span>ORE 21.30 &#8211; INVASO PONTE DI TIBERIO<br \/>\n<span style=\"font-family: Verdana;\">PIETRO NOBILE<\/span><\/center><center><i><span style=\"font-family: Verdana; font-size: small;\">\u201cLe sue composizioni estremamente evocative, dirette ed essenziali, creano un anello di congiunzione tra la musica popolare e la musica colta ed \u00e8 per ci\u00f2 che stanno riscuotendo sempre pi\u00f9 successo, sia a livello di pubblico che di critica.\u00a0<\/span><\/i><i><span style=\"font-family: Verdana; font-size: small;\">Una musica in cui chiunque pu\u00f2 riconoscersi ed identificarsi, in un viaggio alla riscoperta della potenza delle proprie emozioni\u201d.<\/span><\/i><\/center><\/p>\n<div style=\"text-align: left;\"><i><\/i><span style=\"font-family: Verdana; font-size: small;\"><span style=\"font-family: Verdana; font-size: small;\"><b>Gerard Suter,\u00a0<\/b>Radio Suisse Romande-SRS Losanna, 21.09.2010<\/span><\/span>Chitarrista acustico, compositore, arrangiatore, produttore, dimostratore di chitarre (<i>Guild-Fender<\/i><i>\u00a0per M.Casale Bauer<\/i><i>),\u00a0<\/i>inizia giovanissimo l\u2019attivit\u00e0 concertistica solista: gi\u00e0 a 20 anni \u00e8 a Parigi invitato da Herbert Pagani e Marcel Dadi.\u00a0Ha al suo attivo quattro album di brani originali (Waiting, La Citt\u00e0 dei Sogni,Volo Libero, Indefinito Infinito), oltre a partecipazioni a progetti discografici di altri astisti italiani e stranieri (Lavezzi-Mogol, Herbert Pagani, Flavio Oreglio, Gatto Panceri, Simone Borghi, Vinnie Colaiuta, Steve Lukather, Simon Phillips, Tony Levin, Frank Gambale) e l\u2019inclusione di due suoi brani nella Compilation \u201cEterea 1 &amp; 3\u201d (EMI 110.000 copie vendute),a fianco di artisti quali Sting, Paul McCartney, Ryuichi Sakamoto. Il disco prodotto da Pietro per Simone Borghi\u00a0 \u201cOn line\u201d ha ottenuto tre\u00a0 nomination ai Grammy Awards nel 2010 a Los Angeles. E\u2019 stato eletto miglior chitarrista acustico italiano per tre anni dai lettori di Guitar Club.<br \/>\n<span style=\"font-family: Verdana; font-size: small;\">Per info:\u00a0<\/span><a id=\"w1346309630738\" style=\"font-family: Verdana; font-size: small;\" href=\"http:\/\/www.pietronobile.com\/\" target=\"blank\">\u00a0www.pietronobile.com<\/a><\/div>\n<div title=\"Page 2\">\n<p><span style=\"font-family: Verdana; font-size: small;\"><img decoding=\"async\" loading=\"lazy\" class=\"alignleft\" alt=\"\" src=\"http:\/\/www.societadeborg.it\/images\/spettacoloinvasodomenica.png\" width=\"425\" height=\"500\" align=\"absMiddle\" border=\"0\" hspace=\"4\" vspace=\"4\" \/>\u00a0<\/span>DOMENICA 2 SETTEMBRE<br \/>\n<span style=\"font-family: Verdana; font-size: large;\">ORE 22.15 &#8211; INVASO PONTE DI TIBERIO<\/span><\/p>\n<p><span style=\"font-family: Verdana;\"><span style=\"font-size: medium;\">FREEBORG: ARTORNE ME FUTUR<\/span><br \/>\n<span style=\"font-size: medium;\">Una colonna sonora per un Nuovo Inizio.<br \/>\n<\/span><\/span><span style=\"font-family: Verdana; font-size: small;\">Un concerto nato dal progetto musicale inedito prodotto dalla Societ\u00e0 de\u2019 Borg e coordinato da Daniele Maggioli in occasione della XVIII Festa de Borg: canzoni e brani originali dedicati, ispirati, abbracciati al Borgo di San Giuliano, al passato che racconta, al presente che vive, al futuro che sogna e che vince anche sulla profezia Maya.<br \/>\n<\/span><span style=\"font-family: Verdana; font-size: small;\"><br \/>\nSpecial Guest d\u2018eccezione della serata sar\u00e0 il grande chitarrista acustico e compositore Pietro Nobile.<br \/>\n<\/span><span style=\"font-family: Verdana;\"><span style=\"font-size: small;\">Durante il concerto verranno eseguiti in anteprima i brani: &#8220;Dove si va?&#8221; di Daniele Maggioli, &#8220;In bilico&#8221; di Massimo Modula, &#8221; Al saviva me&#8221; di Vincenzo Vasi , &#8220;Il pavone&#8221; di Antonio Ramberti, &#8220;Ballata di San Giuliano&#8221; di Dany Gregg<\/span>io.<\/span><\/p>\n<\/div>\n<p><span style=\"font-family: Verdana;\"><span style=\"font-size: small;\">\u00a0<\/span><\/span><\/p>\n<p>&nbsp;<\/p>\n","protected":false},"excerpt":{"rendered":"<p>SABATO 1 SETTEMBRE ORE 21.15 &#8211; INVASO PONTE DI TIBERIO DAL BIG BANG ALLA FINE DEL MONDO: IL GIORNO DELL\u2019IRA, LA PROFEZIA 2012: il Pianeta Terra \u00e8 a un passo dal baratro, la temibile profezia Maya non sembra essere pi\u00f9 solo una profezia per riempire i palinsesti dei vari discovery channel. Le nazioni si disgregano, il pianeta s\u2019ammala di un male sempre pi\u00f9 incurabile, gli spread impazziscono: il Ciclo dei Cicli &#8211; il Lungo Computo Maya &#8211; volge al suo termine poi la catastrofe, il giorno dell\u2019ira, l\u2019oblio. Tuttavia in mezzo a tanto scoramento, non tutto \u00e8 perduto e la <a class=\"more-link\" href=\"http:\/\/www.societadeborg.it\/?page_id=374\">Leggi tutto<\/a><\/p>\n","protected":false},"author":1,"featured_media":0,"parent":150,"menu_order":0,"comment_status":"closed","ping_status":"closed","template":"","meta":[],"_links":{"self":[{"href":"http:\/\/www.societadeborg.it\/index.php?rest_route=\/wp\/v2\/pages\/374"}],"collection":[{"href":"http:\/\/www.societadeborg.it\/index.php?rest_route=\/wp\/v2\/pages"}],"about":[{"href":"http:\/\/www.societadeborg.it\/index.php?rest_route=\/wp\/v2\/types\/page"}],"author":[{"embeddable":true,"href":"http:\/\/www.societadeborg.it\/index.php?rest_route=\/wp\/v2\/users\/1"}],"replies":[{"embeddable":true,"href":"http:\/\/www.societadeborg.it\/index.php?rest_route=%2Fwp%2Fv2%2Fcomments&post=374"}],"version-history":[{"count":8,"href":"http:\/\/www.societadeborg.it\/index.php?rest_route=\/wp\/v2\/pages\/374\/revisions"}],"predecessor-version":[{"id":376,"href":"http:\/\/www.societadeborg.it\/index.php?rest_route=\/wp\/v2\/pages\/374\/revisions\/376"}],"up":[{"embeddable":true,"href":"http:\/\/www.societadeborg.it\/index.php?rest_route=\/wp\/v2\/pages\/150"}],"wp:attachment":[{"href":"http:\/\/www.societadeborg.it\/index.php?rest_route=%2Fwp%2Fv2%2Fmedia&parent=374"}],"curies":[{"name":"wp","href":"https:\/\/api.w.org\/{rel}","templated":true}]}}