{"id":368,"date":"2013-11-04T14:57:04","date_gmt":"2013-11-04T14:57:04","guid":{"rendered":"http:\/\/www.societadeborg.it\/wordpress\/?page_id=368"},"modified":"2013-11-04T16:15:40","modified_gmt":"2013-11-04T16:15:40","slug":"freeborg-il-futuro","status":"publish","type":"page","link":"http:\/\/www.societadeborg.it\/?page_id=368","title":{"rendered":"Freeborg, il Futuro"},"content":{"rendered":"<p><center><span style=\"font-family: verdana; font-size: small;\"><img decoding=\"async\" loading=\"lazy\" class=\"alignleft\" alt=\"\" src=\"http:\/\/www.societadeborg.it\/images\/il_futuro.jpg?606\" width=\"378\" height=\"450\" align=\"absMiddle\" border=\"0\" hspace=\"4\" vspace=\"4\" \/><\/span><\/center><span style=\"font-family: Verdana; font-size: small;\">Nella parte del Borgo dedicata al futuro prima di un programma di spettacoli vogliamo parlare di Luoghi. Si perch\u00e8 il futuro che parte da oggi pi\u00f9 che una visione \u00e8 un luogo, o se si vuole una visione che ci \u00e8 molto concreta, prossima, quasi tangibile, imminente e inevitabile se non vogliamo &#8211; per davvero &#8211; sparire. Scordiamoci quindi navi volanti, grandi progetti di innovazione. L&#8217;innovazione \u00e8 dentro di noi. Nella memoria culturale che sprigionano i muri delle vecchie case e nella volont\u00e0 di reagire \u2013 con quello che si ha e per quello che si \u00e8 \u2013 per migliorare.<br \/>\n<\/span><span style=\"font-family: Verdana; font-size: small;\">Per esempio l&#8217;oggetto pi\u00f9 tecnologico si chiama: sedia. Il gesto pi\u00f9 innovativo e rivoluzionario sar\u00e0 questo: prendere una sedia e portarla di fuori, sulla strada. O se si vuole: riprendersi gli spazi. Da qui nascono i 5 Luoghi del Futuro, le cinque cifre del futuro per noi irrinunciabili. \u00a0<\/span><\/p>\n<p><img decoding=\"async\" loading=\"lazy\" class=\"alignleft\" alt=\"\" src=\"http:\/\/www.societadeborg.it\/images\/piazzaderba.jpg?606\" width=\"332\" height=\"400\" align=\"absMiddle\" border=\"0\" hspace=\"4\" vspace=\"4\" \/><\/p>\n<div title=\"Page 7\">\n<p><span style=\"font-family: Verdana; font-size: large;\"><span style=\"color: #351c75;\">SABATO 1 SETTEMBRE E DOMENICA 2 SETTEMBRE<br \/>\n<\/span><\/span><span style=\"font-family: Verdana; font-size: large;\">DALLE ORE 20 &#8211; PIAZZETTA IN FONDO A VIA CHIAVICA<\/span><\/p>\n<p><span style=\"font-family: Verdana;\">Il futuro \u00e8 un luogo verde<br \/>\n<\/span><span style=\"font-family: Verdana;\">I LUOGHI DEL FUTURO #1: LA PIAZZA D\u2019ERBA<br \/>\n<\/span>Uno dei luoghi del futuro che vogliamo non poteva che essere un luogo verde, un luogo dove la natura si riprende spazi cittadini e convive senza soluzione di continuit\u00e0 con lo spazio antropomorfizzato.<br \/>\n<span style=\"font-family: Verdana; font-size: small;\">La piazza d\u2019erba \u00e8 una piazzetta del borgo tranquilla, essenziale, completamente rivestita da un prato su cui crescono alberi. Visitatela, sdraiatevi sull\u2019erba, bevete qualcosa di fresco se \u00e8 caldo o pi\u00f9 semplicemente chiudete gli occhi e prestate ascolto: per tutte le due sere un corno inglese, un\u2019arpa, una viola, un violoncello si alterneranno &#8211; solisti &#8211; per riempire l\u2019aria notturna di rare meravigliose note (le performance musicali sono previste dalle 21.30 alle 24.00 il sabato &#8211; dalle 21 alle 23.30 la domenica)\u00a0<\/span><\/p>\n<\/div>\n<div title=\"Page 7\">\n<p><img decoding=\"async\" loading=\"lazy\" class=\"alignleft\" alt=\"\" src=\"http:\/\/www.societadeborg.it\/images\/piazzadellesedie.jpg?606\" width=\"328\" height=\"400\" align=\"absMiddle\" border=\"0\" hspace=\"4\" vspace=\"4\" \/><\/p>\n<\/div>\n<div title=\"Page 7\">\n<div title=\"Page 7\">\n<p><span style=\"font-family: Verdana;\"><span style=\"color: #351c75; font-size: large;\">SABATO 1 SETTEMBRE E DOMENICA 2 SETTEMBRE<br \/>\n<\/span><\/span><span style=\"font-family: Verdana; font-size: large;\">DALLE ORE 20 NO STOP &#8211; PIAZZA PIRINELA<\/span><\/p>\n<p><span style=\"font-family: Verdana; font-size: small;\">Il futuro \u00e8 un luogo di socialit\u00e0<br \/>\n<\/span><span style=\"font-family: Verdana;\">I LUOGHI DEL FUTURO #2: LA PIAZZA DELLE SEDIE<br \/>\n<\/span><span style=\"font-family: Verdana; font-size: small;\">Abbiamo detto che uno degli oggetti pi\u00f9 tecnologici del nostro futuro si chiamer\u00e0: sedia. Abbiamo immaginato che il gesto pi\u00f9 rivoluzionario sar\u00e0 prendere una sedia e portarla fuori casa, sulla strada, sulle piazze dove devono riprendere ad accadere le cose. E cos\u00ec \u00e8 nella piazza delle sedie. Solo sedie, tante sedie da riempire e&#8230; strani soggetti, o meglio assurde presenze che vi coinvolgeranno.<br \/>\n<\/span><span style=\"font-family: Verdana;\"><br \/>\nON THE FLY THEATRE &#8211; la performance:<br \/>\n<\/span><span style=\"font-family: Verdana; font-size: small;\">E&#8217; gi\u00e0 il futuro. A carnevale i bambini si vestono come antichi Maya e nei loro comunicatori personali la favola pi\u00f9 cliccata \u00e8 &#8216;Il 2012 e la fine del mondo&#8217; edizioni Mayafuntells. La societ\u00e0 sempre di pi\u00f9 si concentra su se stessa. Guardiamo e riguardia- mo le nostre abitudini, le nostre manie su schermi sempre pi\u00f9 grandi. Confusi tra la realt\u00e0 vissuta e la sua rappresentazione, attendiamo un qualsiasi &#8216;annuncio finale!&#8217; Mentre l&#8217;attesa consuma il nostro tempo e attenzione, la vita se ne frega e prosegue nella sua quotidianit\u00e0 pi\u00f9 umana. Attraverso l&#8217;incontro delle persone, dei loro bisogni e delle loro passioni, disegna intrecci e figure che, invisibili ai pi\u00f9, sono la vera magia del mondo.<\/span><\/p>\n<\/div>\n<\/div>\n<blockquote>\n<div title=\"Page 7\">\n<div>\n<div title=\"Page 7\">\n<div>\n<div>\n<p><span style=\"font-family: Verdana; font-size: small;\"><b>ASSOCIAZIONE CULTURALE DI IMPROVVISAZIONE TEATRALE\u00a0ON THE FLY THEATRE<br \/>\n<\/b><\/span><span style=\"font-family: Verdana; font-size: small;\">In On The Fly Theatre si sono ritrovate persone, per caso anche attori, che amano guardare il mondo attraverso processi creativi basati sull\u2019istinto. E che adorano l\u2019intesa di gruppo. Ispirati dagli insegnamenti di Keith Johnstone, Alejandro Jodorowsky, Viola Spolin, Jaques Lecoq, Augusto Boal e dagli esperimenti in atto in tutto il mondo, On The Fly Theatre porta in Italia spettacoli teatrali, eventi formativi, atti poetici casuali. E se tutto questo sembra strano e complicato, potresti essere stupito da quello che tu stesso puoi fare con molta naturalezza e semplicit\u00e0. Vienici a trovare ai nostri corsi al centro RM25, nei pressi del ponte di Tiberio, oppure su\u00a0<a id=\"w1346131883412\" href=\"http:\/\/www.ontheflytheatre.com\/\" target=\"blank\"><span>www.onthe<\/span>flytheatre.com<\/a><\/span><\/p>\n<\/div>\n<\/div>\n<\/div>\n<\/div>\n<\/div>\n<\/blockquote>\n<p><span style=\"font-size: medium;\"><img decoding=\"async\" loading=\"lazy\" class=\"alignleft\" alt=\"\" src=\"http:\/\/www.societadeborg.it\/images\/banchinacanale.jpg?354\" width=\"303\" height=\"360\" align=\"absMiddle\" border=\"0\" hspace=\"4\" vspace=\"4\" \/><\/span><\/p>\n<div title=\"Page 51\">\n<div><span style=\"font-size: large;\"><span style=\"color: #351c75;\">SABATO 1 SETTEMBRE E DOMENICA 2 SETTEMBRE\u00a0<\/span>DALLE ORE 19.30 &#8211; BANCHINA DEL CANALE<\/span><\/div>\n<div><span style=\"font-size: small;\">\u00a0<\/span><\/div>\n<div><span style=\"font-size: small;\">Il futuro \u00e8 un luogo riqualificato, tipico e al km 0<\/span><\/div>\n<div><span style=\"font-size: small;\">\u00a0<\/span><span style=\"font-family: Verdana;\">I LUOGHI DEL FUTURO #3: LA RIVE GAUCHE DEI SAPORI Da Mundizeri a la Cuntreda de g\u00f2st<br \/>\n<\/span><span style=\"font-family: Verdana; font-size: small;\">Il luogo del futuro \u00e8 un luogo riqualificato, \u00e8 la ripresa che la comunit\u00e0 fa degli spazi degradati, dimenticati, abbandonati. La Festa de Borg con orgoglio ospita e restituisce assieme all\u2019Amministrazione Comunale uno degli angoli pi\u00f9 suggestivi del borgo alla citt\u00e0: la banchina del canale. Proprio l\u00ec dove degrado e incuria hanno per anni \u201cbloccato l\u2019accesso\u201d fiorisce per i due giorni della festa la Cuntreda De G\u00f2st, profumi e sapori della nostra terra come un\u2019anteprima di ci\u00f2 che potrebbe divenire magari gi\u00e0 nel prossimo futuro La Rive Gauche del borgo e della citt\u00e0. A cura della\u00a0<\/span><b>Strada dei Vini e dei sapori dei Colli di Rimini\u00a0<\/b>sar\u00e0 possibile infatti immergersi in un percorso ricco di assaggi e degustazioni al \u201cchilometro zero\u201d: dai nostri vini doc alla mora romagnola, dai formaggi dell\u2019entroterra ai dolci di una volta.<\/div>\n<\/div>\n<p><span style=\"font-family: Verdana; font-size: large;\">\u00a0<\/span><\/p>\n<p><span style=\"font-family: Verdana; font-size: large;\">\u00a0<\/span><\/p>\n<p><span style=\"font-family: Verdana; font-size: large;\">\u00a0<\/span><\/p>\n<p><span style=\"font-family: Verdana; font-size: large;\"><img decoding=\"async\" loading=\"lazy\" class=\"alignleft\" alt=\"\" src=\"http:\/\/www.societadeborg.it\/images\/Scat_Cat.jpg?171\" width=\"320\" height=\"213\" align=\"absMiddle\" border=\"0\" hspace=\"4\" vspace=\"4\" \/><\/span><\/p>\n<p><span style=\"color: #351c75; font-size: large;\">DOMENICA 2 SETTEMBRE DALLE ORE 20<br \/>\n<\/span><span style=\"font-size: large;\">BANCHINA DEL CANALE<\/span><\/p>\n<div><span style=\"font-size: small;\">\u00a0<\/span><span style=\"font-size: small;\"><b>Scat Cat<\/b>\u00a0Presentano<\/span><\/div>\n<div><span style=\"font-size: small;\">\u00a0<\/span>&#8220;WHEN YOU&#8217;RE SWINGING, SWIN SOME MORE&#8221;<br \/>\n<b><i>&#8230; ma in fondo che cos&#8217;\u00e8 il jazz?<\/i><\/b><\/div>\n<div><span style=\"font-family: Calibri;\"><b><i>\u00a0<\/i><\/b><\/span><span style=\"font-family: Calibri;\">Per info:\u00a0<a id=\"w1346310313310\" href=\"http:\/\/www.facebook.com\/scatcat.duo\" target=\"blank\">facebook \/ scat cat<\/a><\/span><\/div>\n<p><span style=\"font-family: Calibri;\"><b><i>\u00a0<\/i><\/b><\/span><\/p>\n<div><b>\u00a0<\/b><\/div>\n<p><span style=\"font-family: Verdana; font-size: large;\">\u00a0<\/span><\/p>\n<p><span style=\"font-family: Verdana; font-size: large;\"><img decoding=\"async\" loading=\"lazy\" class=\"alignleft\" alt=\"\" src=\"http:\/\/www.societadeborg.it\/images\/centroperlefamiglie.jpg?354\" width=\"339\" height=\"400\" align=\"absMiddle\" border=\"0\" hspace=\"4\" vspace=\"4\" \/><\/span><\/p>\n<div title=\"Page 51\">\n<p><span style=\"font-family: Verdana; font-size: large;\">SABATO 1 SETTEMBRE E DOMENICA 2 SETTEMBRE DALLE ORE 19.30 &#8211; CHIOSTRO DELLA CHIESA<\/span><\/p>\n<p>Il futuro \u00e8 un luogo a misura di bambino<br \/>\n<span style=\"font-family: Verdana; font-size: large;\">I LUOGHI DEL FUTURO #4: PPP &#8211; punto-pappa-panno- lino e non solo<br \/>\n<\/span><span style=\"font-family: Verdana;\">A cura del Centro per le Famiglie del Comune di Rimini per tutta la durata della festa saranno allestiti nel Chiostro della Chiesa di San Giuliano:<br \/>\n<\/span><span style=\"font-family: Verdana;\">&#8211;\u00a0<b>Laboratori\u00a0<\/b>manuali dedicati a bambini e genitori, sul tema della Festa, per sperimentare, costruire e giocare insieme.<br \/>\n<\/span>&#8211; un\u00a0<b>Punto Pappa &amp; Pannolino<\/b>, un luogo accogliente con tutto il necessario per poter allattare, preparare la pappa e cambiare i beb\u00e8.<\/p>\n<\/div>\n<p><span style=\"font-size: medium;\"><img decoding=\"async\" loading=\"lazy\" class=\"alignleft\" alt=\"\" src=\"http:\/\/www.societadeborg.it\/images\/vele.jpg?354\" width=\"305\" height=\"340\" align=\"absMiddle\" border=\"0\" hspace=\"4\" vspace=\"4\" \/><\/span><\/p>\n<p><span style=\"color: #351c75;\">SABATO 1 SETTEMBRE E DOMENICA 2 SETTEMBRE\u00a0<\/span>LUNGO VIA MARECCHIA<\/p>\n<div><span style=\"font-size: small;\">Il futuro \u00e8 un luogo di arte, riciclo e sostenibilit\u00e0<br \/>\n<\/span>I LUOGHI DEL FUTURO #5: LE VELE SOSPESE DI VIA MARECCHIA Istallazione sostenibile di arte ambientale di Manolo Benvenuti<br \/>\n<span style=\"font-family: Verdana; font-size: small;\">Il luogo del futuro \u00e8 un luogo sostenibile. Dove il riciclo non sar\u00e0 pi\u00f9 un impegno, ma semplicemente cultura. Manolo interpreta questo luogo del futuro partendo dalla natura stessa dello spazio in cui opera: via Marecchia abitata un tempo dai pescatori e dai braccianti del mare tra reti da riparare e vele da rammendare. E cos\u00ec, con una imponente azione di recupero, oltre 70 vele da windsurf destinate al macero danno vita ad una istallazione d\u2019arte ambientale sospesa e unica in un colorato volo sostenibile lungo la via.\u00a0<\/span><\/div>\n","protected":false},"excerpt":{"rendered":"<p>Nella parte del Borgo dedicata al futuro prima di un programma di spettacoli vogliamo parlare di Luoghi. Si perch\u00e8 il futuro che parte da oggi pi\u00f9 che una visione \u00e8 un luogo, o se si vuole una visione che ci \u00e8 molto concreta, prossima, quasi tangibile, imminente e inevitabile se non vogliamo &#8211; per davvero &#8211; sparire. Scordiamoci quindi navi volanti, grandi progetti di innovazione. L&#8217;innovazione \u00e8 dentro di noi. Nella memoria culturale che sprigionano i muri delle vecchie case e nella volont\u00e0 di reagire \u2013 con quello che si ha e per quello che si \u00e8 \u2013 per migliorare. <a class=\"more-link\" href=\"http:\/\/www.societadeborg.it\/?page_id=368\">Leggi tutto<\/a><\/p>\n","protected":false},"author":1,"featured_media":0,"parent":150,"menu_order":3,"comment_status":"closed","ping_status":"closed","template":"","meta":[],"_links":{"self":[{"href":"http:\/\/www.societadeborg.it\/index.php?rest_route=\/wp\/v2\/pages\/368"}],"collection":[{"href":"http:\/\/www.societadeborg.it\/index.php?rest_route=\/wp\/v2\/pages"}],"about":[{"href":"http:\/\/www.societadeborg.it\/index.php?rest_route=\/wp\/v2\/types\/page"}],"author":[{"embeddable":true,"href":"http:\/\/www.societadeborg.it\/index.php?rest_route=\/wp\/v2\/users\/1"}],"replies":[{"embeddable":true,"href":"http:\/\/www.societadeborg.it\/index.php?rest_route=%2Fwp%2Fv2%2Fcomments&post=368"}],"version-history":[{"count":4,"href":"http:\/\/www.societadeborg.it\/index.php?rest_route=\/wp\/v2\/pages\/368\/revisions"}],"predecessor-version":[{"id":372,"href":"http:\/\/www.societadeborg.it\/index.php?rest_route=\/wp\/v2\/pages\/368\/revisions\/372"}],"up":[{"embeddable":true,"href":"http:\/\/www.societadeborg.it\/index.php?rest_route=\/wp\/v2\/pages\/150"}],"wp:attachment":[{"href":"http:\/\/www.societadeborg.it\/index.php?rest_route=%2Fwp%2Fv2%2Fmedia&parent=368"}],"curies":[{"name":"wp","href":"https:\/\/api.w.org\/{rel}","templated":true}]}}