{"id":355,"date":"2013-11-04T14:32:58","date_gmt":"2013-11-04T14:32:58","guid":{"rendered":"http:\/\/www.societadeborg.it\/wordpress\/?page_id=355"},"modified":"2013-11-04T16:15:30","modified_gmt":"2013-11-04T16:15:30","slug":"freeborg-il-presente","status":"publish","type":"page","link":"http:\/\/www.societadeborg.it\/?page_id=355","title":{"rendered":"Freeborg, il Presente"},"content":{"rendered":"<div style=\"text-align: left;\"><span style=\"font-size: large;\"><span style=\"color: #3d85c6;\"><b>\u00a0<\/b><\/span><\/span><\/div>\n<div>\n<div><img decoding=\"async\" loading=\"lazy\" class=\"alignleft\" title=\"sintesi\" alt=\"sintesi\" src=\"http:\/\/www.societadeborg.it\/images\/sintesi_538.jpg?701\" width=\"343\" height=\"370\" align=\"absMiddle\" border=\"0\" hspace=\"4\" vspace=\"4\" \/><span style=\"font-family: Verdana; font-size: small;\">Il Borgo oggi \u00e8 &#8211; evidentemente- una delle aree della citt\u00e0 che ha saputo mettersi gioco come luogo del presente. Il Borgo oggi \u00e8 di tendenza, lo possiamo dire senza ombra di dubbio. In quest\u2019area del Borgo che dedichiamo al presente trova spazio fra l\u2019altro la \u201cscena musicale\u201d borghigiana di band under20, ma anche una vera e propria disco in piazza Pozzetto : THE CLUB IN THE BORG\u00a0<\/span><\/div>\n<p><span style=\"color: #351c75;\">\u00a0<\/span><\/p>\n<p><b><span style=\"color: #351c75; font-size: x-large;\">IL PROGRAMMA DEL PRESENTE<\/span><\/b><\/p>\n<p><img decoding=\"async\" loading=\"lazy\" class=\"alignleft\" alt=\"\" src=\"http:\/\/www.societadeborg.it\/images\/balloalterminedelluniverso.jpg?277\" width=\"334\" height=\"400\" align=\"absMiddle\" border=\"0\" hspace=\"4\" vspace=\"4\" \/><\/p>\n<div>\n<div title=\"Page 11\">\n<p><span style=\"font-family: Verdana; font-size: large;\"><span style=\"color: #351c75;\">SABATO 1 SETTEMBRE<\/span><br \/>\nDALLE ORE 21 &#8211; THE CLUB IN THE BORG (Piazza Pozzetto)<br \/>\n<\/span><span style=\"font-family: Verdana;\">Black Dahlia dj feat. Marisa Toletta &#8211; Drag queen e performer<\/span><\/p>\n<p><span style=\"font-family: Verdana;\"> BALLO AL TERMINE DELL\u2019UNIVERSO<br \/>\n<\/span><span style=\"font-family: Verdana; font-size: small;\">Per esorcizzare la\u00a0fine del mondo una vera e propria disco, uno spazio per ballare\u00a0fino a consumarsi le scarpe impreziosito dall&#8217;intervento della bellissima aliena Marisa Toletta<br \/>\n<\/span><b style=\"font-family: Verdana; font-size: small;\">Black Dahlia<\/b><span style=\"font-family: Verdana; font-size: small;\">: difende la causa della musica frivola (ma non stupida) dal 2006.\u00a0Ha partecipato alle edizioni 2008 e 2012 della Festa de Borg. Ha presidiato la consolle in molti locali tra i quali: Circolo Milleluci, Bizzarro, Neon Caff\u00e8, Empty Space.<br \/>\n<\/span><b style=\"font-family: Verdana; font-size: small;\">Marisa Toletta<\/b><span style=\"font-family: Verdana; font-size: small;\">:\u00a0Drag Queen e performer: terza classificata al concorso Miss Drag Queen Italia 2011. Le sue esibizioni nei locali veneti sono ormai leggenda:\u00a0finalmente anche i riminesi hanno l&#8217;occasione di scoprire questa artista sorprendente.<br \/>\n<\/span><span style=\"font-family: Verdana; font-size: small;\">Info sul gruppo:\u00a0<\/span><a id=\"w1345978316704\" style=\"font-family: Verdana; font-size: small;\" href=\"http:\/\/www.facebook.com\/pages\/LA-MARISA-TOLETTA\/196356340423632\" target=\"blank\">facebook \/LA-MARISA<\/a><\/p>\n<\/div>\n<\/div>\n<div><\/div>\n<div><img decoding=\"async\" loading=\"lazy\" class=\"alignleft\" style=\"margin: 4px; border: 0px;\" alt=\"\" src=\"http:\/\/www.societadeborg.it\/images\/lasanteria.jpg?277\" width=\"328\" height=\"400\" align=\"absMiddle\" border=\"0\" hspace=\"4\" vspace=\"4\" \/><\/div>\n<div><span style=\"color: #351c75; font-family: Verdana; font-size: large;\">DOMENICA 2 SETTEMBRE<br \/>\n<\/span><span style=\"font-family: Verdana; font-size: large;\">DALLE ORE 21 &#8211; THE CLUB IN THE BORG (Piazza Pozzetto)<\/span><\/div>\n<div>\n<div title=\"Page 11\">\n<p><span style=\"font-family: Verdana;\">La Santeria presenta<\/span><\/p>\n<p><span style=\"font-family: Verdana;\">AFROAMERICANA<br \/>\n<\/span><span style=\"font-family: Verdana; font-size: small;\">Un viaggio tra i Blues ancestrali di Charlie Patton e Blind Lemon Jefferson, che passa attraverso suggestioni caraibiche e sonorit\u00e0 della vecchia Tin Pan Alley. La Santeria propone una propria lettura della musica afroamericana cercando di far convivere estetiche musicale differenti ma profondamente consanguinee.<br \/>\n<\/span><span style=\"font-family: Verdana; font-size: small;\">Info sul gruppo:\u00a0<a href=\"http:\/\/www.myspace.com\/lasanteriaband\">www.myspace.com\/lasanteriaband<\/a>\u00a0<a href=\"http:\/\/www.facebook.com\/LaSanteria\">facebook \/ LaSanteria<\/a><\/span><\/p>\n<\/div>\n<\/div>\n<div>\n<div title=\"Page 11\">\n<p><img decoding=\"async\" loading=\"lazy\" class=\"alignleft\" style=\"margin: 4px; border: 0px;\" alt=\"\" src=\"http:\/\/www.societadeborg.it\/images\/madonnie_03_-_croce.jpg?277\" width=\"329\" height=\"400\" align=\"absMiddle\" border=\"0\" hspace=\"4\" vspace=\"4\" \/><\/p>\n<\/div>\n<\/div>\n<div>\n<div title=\"Page 12\">\n<p><span style=\"color: #351c75; font-family: Verdana; font-size: large;\">SABATO 1 E DOMENICA 2 SETTEMBRE<br \/>\n<\/span><span style=\"font-family: Verdana; font-size: large;\">DALLE ORE 19.30 ALLE 21.30 SALA5X10 &#8211; VIA FORZIERI<br \/>\n<\/span><span style=\"font-family: Verdana;\">Installazione interattiva per 20 spettatori ogni 20 minuti<br \/>\n<\/span><span style=\"font-family: Verdana;\">Prologo: MADONNIE 03 &#8211; CROCE<br \/>\n<\/span><span style=\"font-family: Verdana;\">a cura di Maria Costantini<br \/>\n<\/span><span style=\"font-family: Verdana; font-size: small;\">La \u201cCroce\u201d \u00e8 il simbolo delle nostra storia cristia- na, quella annunciata dal Battista, e allo stesso tempo \u00e8 icona delle nostre citt\u00e0, occidentali e cattoliche. All&#8217;interno di Madonnie 03 e dell&#8217;in- stallazione CROCE nasce la metafora tra la croce affissa sui campanili e le nuove croci di ferro: \u201cle gr\u00f9\u201d. Se si alza lo sguardo al cielo ecco all&#8217;orizzonte o sopra di noi stagliarsi una, o pi\u00f9 di una, di queste nuove grandi \u201cicone di ferro\u201d. Questi nuovi simboli sono costellazioni costanti del nostro paesaggio in numero ormai maggiore ai perseveranti campanili. Una nuova idolatria si mostra silenziosa sopra i nostri tetti: l&#8217;economia legata al commercio immobiliare, la casa e il bisogno di ognuno di un proprio spazio nella societ\u00e0 identificato come luogo\u00a0fisico.<\/span><\/p>\n<\/div>\n<\/div>\n<div>\n<div title=\"Page 12\">\n<p><img decoding=\"async\" loading=\"lazy\" class=\"alignleft\" alt=\"\" src=\"http:\/\/www.societadeborg.it\/images\/overdrive.jpg?277\" width=\"331\" height=\"400\" align=\"absMiddle\" border=\"0\" hspace=\"4\" vspace=\"4\" \/><\/p>\n<div title=\"Page 13\">\n<p><span style=\"font-family: Verdana; font-size: large;\"><span style=\"color: #351c75;\">SABATO 1 SETTEMBRE<\/span><br \/>\nDALLE ORE 21 &#8211; PIAZZETTA ORTAGGI<br \/>\n<\/span><span style=\"font-family: Verdana;\">Under20 sulla scena del borgo presenta<\/span><\/p>\n<p><span style=\"font-family: Verdana;\">OVERDRIVE<\/span><\/p>\n<p><b><span style=\"font-family: Verdana; font-size: large;\">Rock\u00a0<\/span><\/b><\/p>\n<p>&nbsp;<\/p>\n<p>&nbsp;<\/p>\n<p><img decoding=\"async\" loading=\"lazy\" class=\"alignleft\" alt=\"\" src=\"http:\/\/www.societadeborg.it\/images\/joel.jpg?277\" width=\"331\" height=\"400\" align=\"absMiddle\" border=\"0\" hspace=\"4\" vspace=\"4\" \/><\/p>\n<\/div>\n<\/div>\n<\/div>\n<div>\n<div title=\"Page 13\">\n<p>\u00a0<span style=\"font-family: Verdana; font-size: large;\"><span style=\"color: #351c75;\">DOMENICA 2 SETTEMBRE<br \/>\n<\/span><\/span><span style=\"font-family: Verdana; font-size: large;\">DALLE ORE 21 &#8211; PIAZZETTA ORTAGGI<br \/>\n<\/span><span style=\"font-family: Verdana;\">Gioel presenta<\/span><\/p>\n<p><span style=\"font-family: Verdana;\">LA FORZA DI UN\u2019EMOZIONE<br \/>\n<\/span><span style=\"font-family: Verdana; font-size: small;\">Un repertorio acustico nel quale si inseriscono cover che spaziano in tutto il repertorio italiano tenendo sempre conto di una caratteristica fondamentale che contraddistingue il progetto GIOEL: trasmettere emozioni, raccontare storie e farsi che il concerto diventi una vera e propria \u201cchiacchierata\u201d con il pubblico&#8230; uno scambio di emozioni!<br \/>\n<\/span><span style=\"font-family: Verdana; font-size: small;\">Info sul gruppo:\u00a0<a id=\"w1345979256197\" href=\"http:\/\/www.gioelmusica.it\/\" target=\"blank\">www.gioelmusica.it<\/a>\u00a0\u00a0<a id=\"w1345979339291\" href=\"http:\/\/www.facebook.com\/gioelmusica\" target=\"blank\">facebook\/gioelmusica<\/a><\/span><\/p>\n<\/div>\n<\/div>\n<div>\n<div title=\"Page 13\">\n<p><img decoding=\"async\" loading=\"lazy\" class=\"alignleft\" alt=\"\" src=\"http:\/\/www.societadeborg.it\/images\/justmode.jpg?277\" width=\"328\" height=\"400\" align=\"absMiddle\" border=\"0\" hspace=\"4\" vspace=\"4\" \/><span style=\"font-family: Verdana;\"><span style=\"color: #351c75; font-size: large;\">SABATO 1 SETTEMBRE<br \/>\n<\/span><\/span><span style=\"font-size: large; font-family: Verdana;\">DALLE ORE 21 &#8211; PIAZZALE TIBERIO<\/span><\/p>\n<\/div>\n<\/div>\n<div>\n<div title=\"Page 14\">\n<p><span style=\"font-family: Verdana;\">Under20 sulla scena del borgo presenta<\/span><\/p>\n<p><span style=\"font-family: Verdana;\">JUST MODE<br \/>\n<\/span><b><span style=\"font-family: Verdana; font-size: large;\">Alternative\/Rock<br \/>\n<\/span><\/b><span style=\"font-family: Verdana; font-size: small;\">Info sul gruppo:\u00a0\u00a0<a href=\"http:\/\/www.facebook.com\/pages\/Just-M0de\/155622527795000\">facebook.com \/Just-M0de<br \/>\n<\/a><\/span><span style=\"font-family: Verdana; font-size: small;\">Pagina My space:\u00a0\u00a0<\/span><a style=\"font-family: Verdana; font-size: small;\" href=\"http:\/\/it.myspace.com\/573290290\">http:\/\/it.myspace.com\/573290290<br \/>\n<\/a><span style=\"font-family: Verdana; font-size: small;\">Video You tube:<br \/>\n<\/span><span style=\"font-family: Verdana; font-size: small;\"><a href=\"http:\/\/www.youtube.com\/watch?v=ScP6K5TcpPY\">http:\/\/www.youtube.com\/watch?v=ScP6K5TcpPY<\/a>,<a href=\"http:\/\/www.youtube.com\/watch?v=rNqUJT-30hM\">http:\/\/www.youtube.com\/watch?v=rNqUJT-30hM<\/a>,<a href=\"http:\/\/www.youtube.com\/watch?v=Uz9NlayuaGM\">http:\/\/www.youtube.com\/watch?v=Uz9NlayuaGM<\/a>,<a href=\"http:\/\/www.youtube.com\/watch?v=glonHdDbizU\">http:\/\/www.youtube.com\/watch?v=glonHdDbiz<\/a><\/span><\/p>\n<\/div>\n<\/div>\n<div>\n<div title=\"Page 14\">\n<p><img decoding=\"async\" loading=\"lazy\" class=\"alignleft\" alt=\"\" src=\"http:\/\/www.societadeborg.it\/images\/musicadesnuda.jpg?277\" width=\"329\" height=\"400\" align=\"absMiddle\" border=\"0\" hspace=\"4\" vspace=\"4\" \/><\/p>\n<\/div>\n<\/div>\n<div>\n<div title=\"Page 14\">\n<p><span style=\"font-family: Verdana; font-size: large;\"><span style=\"color: #351c75;\">DOMENICA 2 SETTEMBRE<br \/>\n<\/span>DALLE ORE 19.30 &#8211; PIAZZALE TIBERIO<br \/>\n<\/span><span style=\"font-family: Verdana;\">MUSICADESNUDA Acustic Sound<br \/>\n<\/span><span style=\"font-family: Verdana;\">SPOGLIA LA MUSICA&#8230; RESTA L\u2019ESSENZA<br \/>\n<\/span><span style=\"font-family: Verdana; font-size: small;\">&#8230;legno, corde, pelle, voci&#8230;niente di elettronico&#8230; &#8230;suonare insieme,complicit\u00e0, feeling, brividi&#8230; &#8230;cos\u00ec nasce MUSICADESNUDA Acoustic Sound, un incontro di esperienze, di passioni, di persone&#8230;<br \/>\n<\/span><span style=\"font-family: Verdana; font-size: small;\">Info sul gruppo:<br \/>\n<a id=\"w1345979557071\" href=\"http:\/\/www.musicadesnuda.it\/\" target=\"blank\">www.musicadesnuda.it<\/a>\u00a0\u00a0<a id=\"w1345979672500\" href=\"http:\/\/www.facebook.com\/MusicaNuda\" target=\"blank\">facebook \/musicadesnuda<\/a><\/span><\/p>\n<\/div>\n<\/div>\n<div title=\"Page 14\">\n<p>&nbsp;<\/p>\n<\/div>\n<div><\/div>\n<\/div>\n","protected":false},"excerpt":{"rendered":"<p>\u00a0 Il Borgo oggi \u00e8 &#8211; evidentemente- una delle aree della citt\u00e0 che ha saputo mettersi gioco come luogo del presente. Il Borgo oggi \u00e8 di tendenza, lo possiamo dire senza ombra di dubbio. In quest\u2019area del Borgo che dedichiamo al presente trova spazio fra l\u2019altro la \u201cscena musicale\u201d borghigiana di band under20, ma anche una vera e propria disco in piazza Pozzetto : THE CLUB IN THE BORG\u00a0 \u00a0 IL PROGRAMMA DEL PRESENTE SABATO 1 SETTEMBRE DALLE ORE 21 &#8211; THE CLUB IN THE BORG (Piazza Pozzetto) Black Dahlia dj feat. Marisa Toletta &#8211; Drag queen e performer BALLO <a class=\"more-link\" href=\"http:\/\/www.societadeborg.it\/?page_id=355\">Leggi tutto<\/a><\/p>\n","protected":false},"author":1,"featured_media":0,"parent":150,"menu_order":2,"comment_status":"closed","ping_status":"closed","template":"","meta":[],"_links":{"self":[{"href":"http:\/\/www.societadeborg.it\/index.php?rest_route=\/wp\/v2\/pages\/355"}],"collection":[{"href":"http:\/\/www.societadeborg.it\/index.php?rest_route=\/wp\/v2\/pages"}],"about":[{"href":"http:\/\/www.societadeborg.it\/index.php?rest_route=\/wp\/v2\/types\/page"}],"author":[{"embeddable":true,"href":"http:\/\/www.societadeborg.it\/index.php?rest_route=\/wp\/v2\/users\/1"}],"replies":[{"embeddable":true,"href":"http:\/\/www.societadeborg.it\/index.php?rest_route=%2Fwp%2Fv2%2Fcomments&post=355"}],"version-history":[{"count":11,"href":"http:\/\/www.societadeborg.it\/index.php?rest_route=\/wp\/v2\/pages\/355\/revisions"}],"predecessor-version":[{"id":367,"href":"http:\/\/www.societadeborg.it\/index.php?rest_route=\/wp\/v2\/pages\/355\/revisions\/367"}],"up":[{"embeddable":true,"href":"http:\/\/www.societadeborg.it\/index.php?rest_route=\/wp\/v2\/pages\/150"}],"wp:attachment":[{"href":"http:\/\/www.societadeborg.it\/index.php?rest_route=%2Fwp%2Fv2%2Fmedia&parent=355"}],"curies":[{"name":"wp","href":"https:\/\/api.w.org\/{rel}","templated":true}]}}