{"id":3418,"date":"2024-08-04T09:40:31","date_gmt":"2024-08-04T09:40:31","guid":{"rendered":"http:\/\/www.societadeborg.it\/?page_id=3418"},"modified":"2024-08-04T10:07:48","modified_gmt":"2024-08-04T10:07:48","slug":"grande-lotteria-festa-de-borg-2024","status":"publish","type":"page","link":"http:\/\/www.societadeborg.it\/?page_id=3418","title":{"rendered":"GRANDE LOTTERIA FESTA DE BORG 2024"},"content":{"rendered":"\n<figure class=\"wp-block-image size-large\"><a href=\"http:\/\/www.societadeborg.it\/wordpress\/wp-content\/uploads\/2024\/08\/sostienilafesta-web-facebook.png\"><img decoding=\"async\" loading=\"lazy\" width=\"1024\" height=\"512\" src=\"http:\/\/www.societadeborg.it\/wordpress\/wp-content\/uploads\/2024\/08\/sostienilafesta-web-facebook-1024x512.png\" alt=\"\" class=\"wp-image-3419\" srcset=\"http:\/\/www.societadeborg.it\/wordpress\/wp-content\/uploads\/2024\/08\/sostienilafesta-web-facebook-1024x512.png 1024w, http:\/\/www.societadeborg.it\/wordpress\/wp-content\/uploads\/2024\/08\/sostienilafesta-web-facebook-300x150.png 300w, http:\/\/www.societadeborg.it\/wordpress\/wp-content\/uploads\/2024\/08\/sostienilafesta-web-facebook-768x384.png 768w, http:\/\/www.societadeborg.it\/wordpress\/wp-content\/uploads\/2024\/08\/sostienilafesta-web-facebook-1536x768.png 1536w, http:\/\/www.societadeborg.it\/wordpress\/wp-content\/uploads\/2024\/08\/sostienilafesta-web-facebook-2048x1024.png 2048w\" sizes=\"(max-width: 1024px) 100vw, 1024px\" \/><\/a><\/figure>\n\n\n\n<p>Per sostenere la <strong>XXII Festa de Borg \u2013 TACA BILOZ <\/strong>\u2013  torna in campo la GRANDE LOTTERIA. Acquistare uno o pi\u00f9 biglietti della lotteria \u00e8 il gesto pi\u00f9 concreto per contribuire alla realizzazione di questa grande festa popolare, che resta \u2013 gratuita \u2013 e di tutti.<\/p>\n\n\n\n<p><strong>LO SAPEVATE CHE\u2026<\/strong><br>I biglietti sono suddivisi in <strong>4 serie<\/strong>\u2013 identificata da una lettera \u2013 da 6.000 biglietti ciascuno. Le lettere non sono a caso: per tradizione, le quattro serie compongono la scritta <strong>B \u2013 O \u2013 R \u2013 G.<\/strong> Quattro lettere, come i quattro petali del quadrifoglio, simbolo della fortuna, per eccellenza! L\u2019invito \u00e8 quello di creare il proprio quadrifoglio, acquistando almeno un biglietto per ogni serie, componendo una personale combinazione fortunata de BORG!<\/p>\n\n\n\n<p><strong>MONTE PREMI<\/strong><br>La Lotteria della Festa de Borg si conferma tra le lotterie pi\u00f9 ricche del circondario, con ben 20 premi in palio ed un monte premi complessivo pari ad euro 17.846,66 (diciasettemilaottocentoquarantasei\/66)<\/p>\n\n\n\n<p><strong>DATA E LUOGO ESTRAZIONE PREMI<\/strong><br>Luned\u00ec 09 settembre 2024 alle ore 21:00 presso il Cinema Tiberio \u2013 sito in Rimini, via San Giuliano 16 \u2013 sar\u00e0 effettuata l\u2019estrazione dei biglietti vincenti alla presenza di un incaricato del Sindaco.<\/p>\n\n\n\n<p>I vincitori saranno avvisati tramite elenco dei biglietti vincenti che sar\u00e0 affissa nelle bacheche del Cinema Tiberio e pubblicata sul sito internet&nbsp;<a href=\"http:\/\/www.societadeborg.it\/\">www.societadeborg.it<\/a>. Verr\u00e0 altres\u00ec data ampia comunicazione attraverso i social della Societ\u00e0 de Borg e la stampa locale.<\/p>\n\n\n\n<p><strong>ELENCO PREMI<\/strong><\/p>\n\n\n\n<p><strong>1\u00b0 premio: Autovettura KIA PICANTO 1.0 MPi URBAN 5 PORTE \u2013 Concessionaria Ruggeri<br><\/strong><em>(IVA e immatricolazione a carico del vincitore).<\/em><\/p>\n\n\n\n<p><strong>2\u00b0 premio: Piumone matrimoniale componibile +me\u00ae &#8211; www.sleepis.it<\/strong><\/p>\n\n\n\n<p><strong>3\u00b0 premio: Due mesi Pacchetto Full Experience (mag\/giu 25) &#8211; Bagno Tiki 26 Rimini<\/strong><\/p>\n\n\n\n<p><strong>4\u00b0 premio: Televisione 55&#8243; TLC smart &#8211; Chiari Elettrodomestici<\/strong><\/p>\n\n\n\n<p><strong>5\u00b0 premio: Tanta birra quanto pesi \u2013 Birra Amarcord<\/strong><\/p>\n\n\n\n<p><strong>6\u00b0 premio: Due notti a spasso in Europa \u2013 Agenzia Viaggi Mochilla Rimini<\/strong><\/p>\n\n\n\n<p><strong>7\u00b0 premio: Occhiale Yves Saint Laurent modello SL 157 \u2013 L\u2019Ottica del Borgo<\/strong><\/p>\n\n\n\n<p><strong>8\u00b0 premio: Parure (collana + bracciale) &#8211; Gioielleria Urbinati<\/strong><\/p>\n\n\n\n<p><strong>9\u00b0 premio: Bicicletta modello Rimini \u2013 Cobran Bike<\/strong><\/p>\n\n\n\n<p><strong>10\u00b0 premio: Orologio EXTRI Crono + riparazione omaggio &#8211; Clock.Zero<\/strong><\/p>\n\n\n\n<p><strong>11\u00b0 premio: Giradischi Stereo TT 1042 DAB &#8211; Trevi<\/strong><\/p>\n\n\n\n<p><strong>12\u00b0 premio: Maglia Ma-ni 100% Lana Merinos su misura \u2013 Ma-nifattura<\/strong><\/p>\n\n\n\n<p><strong>13\u00b0 premio: Buono spesa &#8211; La Ferramenta del Borgo<\/strong><\/p>\n\n\n\n<p><strong>14\u00b0 premio: Buono spesa &#8211; Cartoleria\/Tabaccheria Non Solo Fumo<\/strong><\/p>\n\n\n\n<p><strong>15\u00b0 premio: Buono n.5 Lampade solari &#8211; Mama Sun<\/strong><\/p>\n\n\n\n<p><strong>16\u00b0 premio: Smart Tracker T-FIT 430 A &#8211; Trevi<\/strong><\/p>\n\n\n\n<p><strong>17\u00b0 premio: Buono spesa &#8211; Az.Agricola SC di Scarpellini<\/strong><\/p>\n\n\n\n<p><strong>18\u00b0 premio: Carnet 6 biglietti &#8220;eventi speciali&#8221; &#8211; Cinema Tiberio<\/strong><\/p>\n\n\n\n<p><strong>19\u00b0 premio: Casco LS DemiJet &#8211; Argilli Moto<\/strong><\/p>\n\n\n\n<p><strong>20\u00b0 premio: Carnet 6 biglietti &#8220;film d&#8217;essai&#8221; &#8211; Cinema Tiberio<\/strong><\/p>\n\n\n\n<figure class=\"wp-block-image size-large\"><a href=\"http:\/\/www.societadeborg.it\/wordpress\/wp-content\/uploads\/2024\/07\/lotteria-borgo-2024-web.jpg\"><img decoding=\"async\" loading=\"lazy\" width=\"704\" height=\"1024\" src=\"http:\/\/www.societadeborg.it\/wordpress\/wp-content\/uploads\/2024\/07\/lotteria-borgo-2024-web-704x1024.jpg\" alt=\"\" class=\"wp-image-3411\" srcset=\"http:\/\/www.societadeborg.it\/wordpress\/wp-content\/uploads\/2024\/07\/lotteria-borgo-2024-web-704x1024.jpg 704w, http:\/\/www.societadeborg.it\/wordpress\/wp-content\/uploads\/2024\/07\/lotteria-borgo-2024-web-206x300.jpg 206w, http:\/\/www.societadeborg.it\/wordpress\/wp-content\/uploads\/2024\/07\/lotteria-borgo-2024-web-768x1117.jpg 768w, http:\/\/www.societadeborg.it\/wordpress\/wp-content\/uploads\/2024\/07\/lotteria-borgo-2024-web.jpg 935w\" sizes=\"(max-width: 704px) 100vw, 704px\" \/><\/a><\/figure>\n\n\n\n<p><strong>REGOLAMENTO<\/strong><br><a href=\"http:\/\/www.societadeborg.it\/wordpress\/wp-content\/uploads\/2024\/08\/Regolamento-Lotteria-SDB-2024.pdf\" target=\"_blank\" rel=\"noreferrer noopener\">Testo<\/a> integrale Inviato a Comune di Rimini \/ Prefettura di Rimini \/ Monopoli di Stato<\/p>\n","protected":false},"excerpt":{"rendered":"<p>Per sostenere la XXII Festa de Borg \u2013 TACA BILOZ \u2013 torna in campo la GRANDE LOTTERIA. Acquistare uno o pi\u00f9 biglietti della lotteria \u00e8 il gesto pi\u00f9 concreto per contribuire alla realizzazione di questa grande festa popolare, che resta \u2013 gratuita \u2013 e di tutti. LO SAPEVATE CHE\u2026I biglietti sono suddivisi in 4 serie\u2013 identificata da una lettera \u2013 da 6.000 biglietti ciascuno. Le lettere non sono a caso: per tradizione, le quattro serie compongono la scritta B \u2013 O \u2013 R \u2013 G. Quattro lettere, come i quattro petali del quadrifoglio, simbolo della fortuna, per eccellenza! L\u2019invito \u00e8 <a class=\"more-link\" href=\"http:\/\/www.societadeborg.it\/?page_id=3418\">Leggi tutto<\/a><\/p>\n","protected":false},"author":1,"featured_media":0,"parent":0,"menu_order":0,"comment_status":"closed","ping_status":"closed","template":"","meta":[],"_links":{"self":[{"href":"http:\/\/www.societadeborg.it\/index.php?rest_route=\/wp\/v2\/pages\/3418"}],"collection":[{"href":"http:\/\/www.societadeborg.it\/index.php?rest_route=\/wp\/v2\/pages"}],"about":[{"href":"http:\/\/www.societadeborg.it\/index.php?rest_route=\/wp\/v2\/types\/page"}],"author":[{"embeddable":true,"href":"http:\/\/www.societadeborg.it\/index.php?rest_route=\/wp\/v2\/users\/1"}],"replies":[{"embeddable":true,"href":"http:\/\/www.societadeborg.it\/index.php?rest_route=%2Fwp%2Fv2%2Fcomments&post=3418"}],"version-history":[{"count":3,"href":"http:\/\/www.societadeborg.it\/index.php?rest_route=\/wp\/v2\/pages\/3418\/revisions"}],"predecessor-version":[{"id":3428,"href":"http:\/\/www.societadeborg.it\/index.php?rest_route=\/wp\/v2\/pages\/3418\/revisions\/3428"}],"wp:attachment":[{"href":"http:\/\/www.societadeborg.it\/index.php?rest_route=%2Fwp%2Fv2%2Fmedia&parent=3418"}],"curies":[{"name":"wp","href":"https:\/\/api.w.org\/{rel}","templated":true}]}}