{"id":327,"date":"2013-11-04T13:29:29","date_gmt":"2013-11-04T13:29:29","guid":{"rendered":"http:\/\/www.societadeborg.it\/wordpress\/?page_id=327"},"modified":"2013-11-04T16:15:16","modified_gmt":"2013-11-04T16:15:16","slug":"2012-il-passato","status":"publish","type":"page","link":"http:\/\/www.societadeborg.it\/?page_id=327","title":{"rendered":"Freeborg, Il Passato"},"content":{"rendered":"<p><em><span style=\"font-size: large;\"><span style=\"color: #0000ff;\"><span style=\"color: #3d85c6;\">\u00a0<\/span><\/span><\/span><\/em><\/p>\n<p><center><img decoding=\"async\" loading=\"lazy\" class=\"alignleft\" alt=\"\" src=\"http:\/\/www.societadeborg.it\/images\/passato.jpg?415\" width=\"350\" height=\"409\" align=\"absMiddle\" border=\"0\" hspace=\"4\" vspace=\"4\" \/><\/center><\/p>\n<p style=\"text-align: left;\"><span style=\"font-family: Verdana; font-size: small;\">Di passato il Borgo parla ogni giorno. Parlano le vecchie case, le botteghe nel traffico della mattina di Viale Tiberio, l&#8217;antica chiesa, il Ponte, l&#8217;eco di qualche parola in dialetto. Cos\u00ec il Borgo pu\u00f2 anche guardare al passato senza nostalgia, lo porta dentro di s\u00e8.<br \/>\nNell\u2019area tra Via San Giuliano, Via Padella, Piazza Gabena le vie e le piazze si animano di ricordi musicali, di note di liscio e di dialetto nella Balera Vecchia Romagna, di oggetti di una volta e di antichi gesti, di omaggi a grandi della musica oltreoceano come Glenn Miller o a Fred Buscaglione.<br \/>\n<\/span><span style=\"font-family: Verdana; font-size: small;\">Il novecento, gli anni \u201850, i \u201960 e i \u201870 si alterneranno nelle performance a formare un unico patrimonio culturale &#8211; musicale e non &#8211; che \u00e8 dentro di noi.<\/span><\/p>\n<p><b><span style=\"color: #674ea7; font-size: x-large;\">GLI APPUNTAMENTI DEL PASSATO<\/span><\/b><\/p>\n<p><center><\/center><center><\/center><center><\/center><center><img decoding=\"async\" loading=\"lazy\" class=\"alignleft\" alt=\"\" src=\"http:\/\/www.societadeborg.it\/images\/lanciafulvia.gliorsinbarbershop.jpg?415\" width=\"325\" height=\"400\" align=\"absMiddle\" border=\"0\" hspace=\"4\" vspace=\"4\" \/><\/center><\/p>\n<div title=\"Page 5\">\n<p>\u00a0<span style=\"color: #351c75; font-family: Verdana; font-size: large;\">SABATO 1 SETTEMBRE<br \/>\n<\/span><span style=\"font-family: Verdana; font-size: large;\">ORE 22,30 &#8211; SAGRATO CHIESA DI SAN GIULIANO<br \/>\n<\/span><span style=\"font-family: Verdana;\">Gli Orsi\u00a0presentano\u00a0LANCIA FULVIA<br \/>\n<\/span><span style=\"font-family: 'trebuchet ms', sans-serif; font-size: small;\">Lo spettacolo prende forma dalle suggestioni dei film in bianco e nero degli anni Cinquanta: \u00e8 un luogo sospeso, onirico che promette l\u2019immersione in un mondo altro, dove i fatti nascono, si alimentano e diventano miti, epopee. Altre storie si susseguono e incalzano: storie d\u2019amore, di vita, dai sentimenti e dai colori eccesivi, del tono sopra le righe. Narrano le gesta del luogo fumoso dell\u2019effimero, inarrestabili e insormontabili ma che in un attimo svaniscono, come la nebbia delle parole.<br \/>\n<\/span>Lancia Fulvia \u00e8 un concerto spettacolo con le musiche originali degli Orsi. Attorno alla Lancia Fulvia le misurate incursioni di danza contemporanea, affondano le mani nel luogo surreale del racconto libero, narrato attraverso la suggestione della musica e delle canzoni.<br \/>\nInfo sul gruppo:\u00a0<a id=\"w1345976252210\" href=\"http:\/\/www.gliorsi.com\/\" target=\"blank\">www.gliorsi.com<\/a><\/p>\n<p><img decoding=\"async\" loading=\"lazy\" class=\"alignleft\" alt=\"\" src=\"http:\/\/www.societadeborg.it\/images\/riminibigband.jpg?415\" width=\"334\" height=\"400\" align=\"absMiddle\" border=\"0\" hspace=\"4\" vspace=\"4\" \/><\/p>\n<div title=\"Page 5\">\n<div title=\"Page 5\">\n<p><span style=\"font-family: Verdana; font-size: large;\"><span style=\"color: #351c75;\">DOMENICA 2 SETTEMBRE,\u00a0<\/span><\/span><span style=\"font-family: Verdana; font-size: large;\">ORE 21<br \/>\nSAGRATO CHIESA DI SAN GIULIANO<br \/>\n<\/span><span style=\"font-family: Verdana;\">Rimini Big Band presenta<\/span><\/p>\n<p><span style=\"font-family: Verdana;\">LE ATMOSFERE DEL GRANDE JAZZ: DA GLENN MILLER AI GIORNI NOSTRI<br \/>\n<\/span><span style=\"font-family: Verdana; font-size: small;\">Un intenso percorso musicale capace di offrire al pubblico il piacere di riascoltare una BIG BAND dal vivo. L&#8217;intento \u00e8 quello di ottenere uno stile che, pur facendo tesoro di tutto il lavoro di scrittura ed arrangiamento delle orchestre del novecento da Duke Ellington a Glenn Miller a Cole Porter, introduca l&#8217;ascoltatore in modo sobrio ed accattivante al jazz moderno di Miles Davis, John Coltrane, Lee Morgan, Horace Silver. La RIMINI BIG BAND arricchisce ogni esecuzione con brevi cenni storici e culturali e si colloca tra i maggiori complessi swing della nostra Regione ottenendo consensi negli spettacoli teatrali e di piazza\u201d.<br \/>\n<\/span><span style=\"font-family: Verdana; font-size: small;\">Video youtube:\u00a0<\/span><a id=\"w1345976239596\" style=\"font-family: Verdana; font-size: small;\" href=\"http:\/\/www.youtube.com\/watch?v=t2Gv2lhKdGo\" target=\"blank\">Rimini Big Band Tema Brasiliano<\/a><span style=\"font-family: Verdana; font-size: small;\">,\u00a0<\/span><a id=\"w1345974621704\" style=\"font-family: Verdana; font-size: small;\" href=\"http:\/\/www.youtube.com\/watch?v=1X-zgn69zuM\">Four Rimini Big Band<\/a><\/p>\n<\/div>\n<\/div>\n<p><img decoding=\"async\" loading=\"lazy\" class=\"alignleft\" alt=\"\" src=\"http:\/\/www.societadeborg.it\/images\/cerchidigranoegiochidiunavolta.jpg?415\" width=\"326\" height=\"400\" align=\"absMiddle\" border=\"0\" hspace=\"4\" vspace=\"4\" \/><\/p>\n<\/div>\n<p><span style=\"font-family: Verdana; font-size: large;\"><span style=\"color: #674ea7;\">SABATO 1 SETTEMBRE<br \/>\n<\/span><\/span><span style=\"font-family: Verdana; font-size: large;\">DALLE ORE 20 &#8211; VIA PADELLA<br \/>\n<\/span><span style=\"font-family: Verdana;\">La Stadera presenta<\/span><\/p>\n<div title=\"Page 5\">\n<div title=\"Page 6\">\n<p><span style=\"font-family: Verdana;\">IL CICLO DEL GRANO E I GIOCHI DI UNA VOLTA<br \/>\n<\/span><span style=\"font-family: Verdana; font-size: small;\">Lungo la vecchia Via Padella riprendono vita scene di una passata quotidianit\u00e0 rurale, di un tempo ormai lontano in cui nell\u2019aia con la stadera si pesava il grano e i bambini giocavano liberi con poveri ma indimenticabili giochi.\u00a0<\/span><\/p>\n<p><img decoding=\"async\" loading=\"lazy\" class=\"alignleft\" alt=\"\" src=\"http:\/\/www.societadeborg.it\/images\/cantieballidiunavolta.jpg?415\" width=\"332\" height=\"400\" align=\"absMiddle\" border=\"0\" hspace=\"4\" vspace=\"4\" \/><span style=\"font-family: Verdana; font-size: large;\"><span style=\"color: #674ea7;\">SABATO 1 SETTEMBRE<br \/>\n<\/span><\/span><span style=\"font-family: Verdana; font-size: large;\">DALLE ORE 21 &#8211; BALERA VECCHIA ROMAGNA (VIALE TIBERIO)<br \/>\n<\/span><span style=\"font-family: Verdana;\">Spettacolo di Musica, Canti e Balli Popolari<\/span><\/p>\n<\/div>\n<div title=\"Page 6\">\n<div title=\"Page 6\">\n<div title=\"Page 6\">\n<p><span style=\"font-family: Verdana;\">CANTI E BALLI DI UNA VOLTA<br \/>\n<\/span><span style=\"font-family: Verdana; font-size: small;\">La conoscenza dei canti e dei balli scaturisce da una ricerca e consultazione di\u00a0testi antichi, ma soprattutto dall\u2019incontro con i nonni che con ricordi ed esperienze\u00a0di vita hanno arricchito tutti di un grande patrimonio, non solo per i canti e balli,\u00a0ma anche di quei grandi valori del tempo passato. Sono principalmente questi valori\u00a0che I Cantori della Tradizione e Quei D\u2019una Volta riproporranno durante la XVIII Festa de Borg.<br \/>\n<\/span><span style=\"font-family: Verdana; font-size: small;\">Info sul gruppo:\u00a0<\/span><a id=\"w1345976225052\" style=\"font-family: Verdana; font-size: small;\" href=\"http:\/\/www.cantiballidunavolta.it\/\" target=\"blank\">www.cantiballidunavolta.it<\/a><\/p>\n<\/div>\n<\/div>\n<p><img decoding=\"async\" loading=\"lazy\" class=\"alignleft\" alt=\"\" src=\"http:\/\/www.societadeborg.it\/images\/sound_project.jpeg\" width=\"400\" height=\"285\" align=\"absMiddle\" border=\"0\" hspace=\"4\" vspace=\"4\" \/><span style=\"color: #351c75; font-family: Verdana; font-size: large;\">SABATO 1 SETTEMBRE<br \/>\n<\/span><span style=\"font-family: Verdana; font-size: large;\">DALLE ORE 21 &#8211; SOUND PROJECT<br \/>\n<\/span><span style=\"font-family: Verdana; font-size: large;\">(VIALE TIBERIO 91)<\/span><\/p>\n<p><span style=\"font-family: Verdana; font-size: small;\">Nella prestigiosa cornice scenografica del Borgo San Giuliano i\u00a0SOUND PROJECT, annoverata Pink Floyd Band, eseguir\u00e0 brani tratti dai pi\u00f9 celebri LP del gruppo inglese come The Wall, Dark Side Of The Moon, Wish You Were Here, Animals.<br \/>\n<\/span><span style=\"font-family: Verdana; font-size: small;\">INFO SUL GRUPPO:\u00a0<\/span><a id=\"w1346225235819\" style=\"font-family: Verdana; font-size: small;\" href=\"http:\/\/www.sound-project.it\/\" target=\"blank\">www.sound-project.it\u00a0<\/a><\/p>\n<p><img decoding=\"async\" loading=\"lazy\" class=\"alignleft\" alt=\"\" src=\"http:\/\/www.societadeborg.it\/images\/kabay.jpg?415\" width=\"341\" height=\"400\" align=\"absMiddle\" border=\"0\" hspace=\"4\" vspace=\"4\" \/><\/p>\n<\/div>\n<\/div>\n<p>&nbsp;<\/p>\n<p><span style=\"color: #351c75; font-family: Verdana; font-size: large;\">DOMENICA 2 SETTEMBRE<br \/>\n<\/span><span style=\"font-family: Verdana; font-size: large;\">DALLE ORE 20 &#8211; BALERA VECCHIA ROMAGNA (VIALE TIBERIO)<br \/>\n<\/span><span style=\"font-family: Verdana;\">Kabay presenta<\/span><\/p>\n<div>\n<div title=\"Page 7\">\n<p><span style=\"font-family: Verdana;\">MUSICA DA BALLO!\u00a0<\/span><\/p>\n<p>&nbsp;<\/p>\n<\/div>\n<\/div>\n<div>\n<div title=\"Page 7\">\n<p><img decoding=\"async\" loading=\"lazy\" class=\"alignleft\" alt=\"\" src=\"http:\/\/www.societadeborg.it\/images\/bandnoiduri.jpg?415\" width=\"328\" height=\"400\" align=\"absMiddle\" border=\"0\" hspace=\"4\" vspace=\"4\" \/><\/p>\n<p><span style=\"color: #351c75; font-size: large; font-family: Verdana;\">SABATO 1 SETTEMBRE<br \/>\n<\/span><span style=\"font-size: large;\">DALLE ORE 21 &#8211; CORTILONE CHIESA SAN GIULIANO<br \/>\n<\/span><span style=\"font-family: Verdana;\">Band Noi Duri presenta<\/span><\/p>\n<\/div>\n<\/div>\n<div>\n<div title=\"Page 7\">\n<div title=\"Page 7\">\n<p><span style=\"font-family: Verdana;\">OMAGGIO A FRED BUSCAGLIONE<br \/>\n<\/span><span style=\"font-family: Verdana; font-size: small;\">La Band \u201cNOI DURI\u201d nasce a Rimini dalla passione di sette musicisti per la musica e le atmosfere anni &#8217;50 vissute e interpretate dal grande Fred Buscaglione. Il repertorio che la band propone comprende brani famosissimi: \u201cEri Piccola Cos\u00ec!\u201d,\u201dWhisky Facile\u201d,\u201d Che Bambola\u201d, ecc. &#8230; intrecciati ad altri inediti ma non meno preziosi, intervallati da sketch sui temi dominanti come whisky, donne e bella vita. Ne deriva una romantica immersione nel passato&#8230;. negli anni del dopoguerra, del boom economico e del mito americano. Lo swing dei brani, innovativo per quel periodo e tuttora molto attuale e il carattere romantico e diver- tente dei testi rende il concerto molto piacevole; non manca il riferimento all&#8217; influenza musicale americana con un inframezzo \u201crock and roll\u201d dove il pubblico, nei casi in cui ci fosse possibilit\u00e0, non mancher\u00e0 di farsi trascinare dal ritmo.<br \/>\n<\/span><span style=\"font-family: Verdana; font-size: small;\">Info sul gruppo:\u00a0<a id=\"w1345976214379\" href=\"http:\/\/www.facebook.com\/pages\/NOI-DURI\/100115136746237\" target=\"blank\">facebook bandnoiduri<\/a><\/span><\/p>\n<\/div>\n<\/div>\n<\/div>\n<div>\n<div title=\"Page 7\">\n<div title=\"Page 7\">\n<p><img decoding=\"async\" loading=\"lazy\" class=\"alignleft\" alt=\"\" src=\"http:\/\/www.societadeborg.it\/images\/gogosunrise.jpg?415\" width=\"344\" height=\"400\" align=\"absMiddle\" border=\"0\" hspace=\"4\" vspace=\"4\" \/><\/p>\n<\/div>\n<\/div>\n<\/div>\n<div>\n<div title=\"Page 8\">\n<p>\u00a0<span style=\"font-family: Verdana; font-size: large;\"><span style=\"color: #351c75;\">DOMENICA 2 SETTEMBRE<br \/>\n<\/span><\/span><span style=\"font-family: Verdana; font-size: large;\">DALLE ORE 20.30 &#8211; CORTILONE CHIESA SAN GIULIANO<br \/>\n<\/span><span style=\"font-family: Verdana;\">GOGO SUNRISE<br \/>\n<\/span><\/p>\n<p><span style=\"font-family: Verdana;\">Composto da GOGO, la figlia di Kim, Angelo Villani. Proporranno un genere semiacustico di musica anni settanta e ottanta.<\/span><\/p>\n<\/div>\n<\/div>\n<div>\n<div title=\"Page 8\">\n<p><img decoding=\"async\" loading=\"lazy\" class=\"alignleft\" alt=\"\" src=\"http:\/\/www.societadeborg.it\/images\/clublatino.jpg?415\" width=\"329\" height=\"400\" align=\"absMiddle\" border=\"0\" hspace=\"4\" vspace=\"4\" \/><\/p>\n<\/div>\n<\/div>\n<div>\n<div title=\"Page 8\">\n<p>&nbsp;<\/p>\n<p><span style=\"font-family: Verdana; font-size: large;\"><span style=\"color: #351c75;\">SABATO 1 SETTEMBRE E DOMENICA 2<br \/>\nSETTEMBRE<\/span>DALLE ORE 21 &#8211; VIA TRAI<br \/>\n<\/span><span style=\"font-family: Verdana;\">Club Latino Rimini presenta<\/span><\/p>\n<p><span style=\"font-family: Verdana;\">NOTTE AI CARAIBI<br \/>\n<\/span><span style=\"font-family: Verdana; font-size: small;\">\u201cNotte ai Caraibi\u201d \u00e8 uno show in cui si alternano spettacolo e animazione. Il pubblico, passa da spettatore a ballerino in maniera inaspettata. attraverso un immaginario viaggio dal Mambo alla Salsa per scoprire e provare i balli Caraibici di tutti i tempi. La Compagnia \u00e8 formata da 30 fra allievi e insegnanti del Club Latino Tutti animati da passione, volont\u00e0 e tanto amore per il ballo. Il cui vanto \u00e8 il non professionismo e la capacit\u00e0 di comunicare con il pubblico.<br \/>\n<\/span><span style=\"font-family: Verdana; font-size: small;\">Info sul gruppo:\u00a0<\/span><a id=\"w1345976200659\" style=\"font-family: Verdana; font-size: small;\" href=\"http:\/\/www.clublatino.it\/\" target=\"blank\">www.clublatino.it<\/a><span style=\"font-family: Verdana; font-size: small;\">\u00a0\u00a0<\/span><a id=\"w1345976425193\" style=\"font-family: Verdana; font-size: small;\" href=\"http:\/\/www.facebook.com\/ClubLatinoRimini\" target=\"blank\">facebook\/clublatinorimini<\/a><span style=\"font-family: Verdana; font-size: small;\"><br \/>\n<\/span><span style=\"font-family: Verdana; font-size: small;\"><a href=\"http:\/\/www.youtube.com\/watch?v=3fFak-Yi2Uk&amp;list=UUSAdsxJZImYPN4kShcTklfg&amp;index=1&amp;feature=%22%20%5Ct%20%22_blank\">http:\/\/www.youtube.com\/watch?v=3fFak-Yi2Uk&amp;list=UUSAdsxJZImYPN4kShcTklfg&amp;index=1&amp;feature=<\/a><\/span><\/p>\n<\/div>\n<\/div>\n<div><img decoding=\"async\" loading=\"lazy\" class=\"alignleft\" alt=\"\" src=\"http:\/\/www.societadeborg.it\/images\/THE_SHOTS_LOGO.jpg?53\" width=\"303\" height=\"320\" align=\"absMiddle\" border=\"0\" hspace=\"4\" vspace=\"4\" \/><\/div>\n<div><span style=\"color: #351c75; font-family: Verdana; font-size: large;\">SABATO 1 SETTEMBRE<br \/>\n<\/span><span style=\"font-family: Verdana; font-size: large;\">DALLE ORE 21 &#8211; LAMBRETTA NIGHT (Piaza Gabena)<br \/>\n<\/span><span style=\"font-family: Verdana;\">Rock\u2019N\u2019Roll Band<\/span><\/div>\n<div>\n<div title=\"Page 9\">\n<p><span style=\"font-family: Verdana;\">THE SHOTS!<br \/>\n<\/span><span style=\"font-family: Verdana;\"><span style=\"font-size: medium;\">\u201c<\/span><span style=\"font-size: small;\">Rock\u2019n\u2019roll anni 50\u2019, ma con un sound nuovo, proprio del \u201cterzo millennio\u201d, fatto di nuovi arrangiamenti e sonorit\u00e0 moderne, ma pur sempre spettacolare, come la musica che cinquant\u2019anni fa sconvolse milioni di giovani e genitori! I classici di Elvis Presley, Little Richards, Jerry Lee Lewis, Chuck Berry e molti altri ancora, divengono la fonte inesauribile dello spettacolo degli Shots che rappresentano sul palco \u201cColpi di Rock\u2019n\u2019roll\u201d.<br \/>\n<\/span><\/span><span style=\"font-family: Verdana; font-size: small;\">Info sul gruppo:\u00a0<a id=\"w1345976707816\" href=\"http:\/\/www.facebook.com\/TheShotsRnR\" target=\"blank\">facebook\/theshotsRnR\u00a0<\/a>\u00a0<\/span><a id=\"w1346182042735\" href=\"http:\/\/www.theshots.it\/\" target=\"blank\">www.theshots.it<\/a><\/p>\n<\/div>\n<\/div>\n<div>\n<div title=\"Page 9\">\n<p><img decoding=\"async\" loading=\"lazy\" class=\"alignleft\" alt=\"\" src=\"http:\/\/www.societadeborg.it\/images\/puntacapo.jpg?373\" width=\"300\" height=\"358\" align=\"absMiddle\" border=\"0\" hspace=\"4\" vspace=\"4\" \/><\/p>\n<\/div>\n<\/div>\n<div>\n<div title=\"Page 9\">\n<p>\u00a0<span style=\"font-family: Verdana; font-size: large;\"><span style=\"color: #351c75;\">D<\/span><\/span><span style=\"font-family: Verdana; font-size: large;\"><span style=\"color: #351c75;\">OMENICA 2 SETTEMBRE<br \/>\n<\/span><\/span><span style=\"font-family: Verdana; font-size: large;\">DALLE ORE 20 &#8211; LAMBRETTA NIGHT (Piazza Gabena)<br \/>\n<\/span><span style=\"font-family: Verdana;\">Puntacapo Band presenta<\/span><\/p>\n<p><span style=\"font-family: Verdana;\">GIRO DI NOTE<br \/>\n<\/span><span style=\"font-family: Verdana; font-size: small;\">11 tra musicisti e cantanti per rivere le atmosfere degli anni \u201860-\u201970-\u201980.<br \/>\n<\/span><span style=\"font-family: Verdana;\"><span style=\"font-size: small;\">Info sul gruppo:<a id=\"w1345977016602\" href=\"http:\/\/www.facebook.com\/puntacapo\" target=\"blank\">\u00a0facebook\/puntacapo<\/a><\/span><\/span><\/p>\n<\/div>\n<\/div>\n","protected":false},"excerpt":{"rendered":"<p>\u00a0 Di passato il Borgo parla ogni giorno. Parlano le vecchie case, le botteghe nel traffico della mattina di Viale Tiberio, l&#8217;antica chiesa, il Ponte, l&#8217;eco di qualche parola in dialetto. Cos\u00ec il Borgo pu\u00f2 anche guardare al passato senza nostalgia, lo porta dentro di s\u00e8. Nell\u2019area tra Via San Giuliano, Via Padella, Piazza Gabena le vie e le piazze si animano di ricordi musicali, di note di liscio e di dialetto nella Balera Vecchia Romagna, di oggetti di una volta e di antichi gesti, di omaggi a grandi della musica oltreoceano come Glenn Miller o a Fred Buscaglione. Il <a class=\"more-link\" href=\"http:\/\/www.societadeborg.it\/?page_id=327\">Leggi tutto<\/a><\/p>\n","protected":false},"author":1,"featured_media":0,"parent":150,"menu_order":1,"comment_status":"closed","ping_status":"closed","template":"","meta":[],"_links":{"self":[{"href":"http:\/\/www.societadeborg.it\/index.php?rest_route=\/wp\/v2\/pages\/327"}],"collection":[{"href":"http:\/\/www.societadeborg.it\/index.php?rest_route=\/wp\/v2\/pages"}],"about":[{"href":"http:\/\/www.societadeborg.it\/index.php?rest_route=\/wp\/v2\/types\/page"}],"author":[{"embeddable":true,"href":"http:\/\/www.societadeborg.it\/index.php?rest_route=\/wp\/v2\/users\/1"}],"replies":[{"embeddable":true,"href":"http:\/\/www.societadeborg.it\/index.php?rest_route=%2Fwp%2Fv2%2Fcomments&post=327"}],"version-history":[{"count":25,"href":"http:\/\/www.societadeborg.it\/index.php?rest_route=\/wp\/v2\/pages\/327\/revisions"}],"predecessor-version":[{"id":354,"href":"http:\/\/www.societadeborg.it\/index.php?rest_route=\/wp\/v2\/pages\/327\/revisions\/354"}],"up":[{"embeddable":true,"href":"http:\/\/www.societadeborg.it\/index.php?rest_route=\/wp\/v2\/pages\/150"}],"wp:attachment":[{"href":"http:\/\/www.societadeborg.it\/index.php?rest_route=%2Fwp%2Fv2%2Fmedia&parent=327"}],"curies":[{"name":"wp","href":"https:\/\/api.w.org\/{rel}","templated":true}]}}