{"id":2200,"date":"2016-07-05T01:36:15","date_gmt":"2016-07-05T01:36:15","guid":{"rendered":"http:\/\/www.societadeborg.it\/?page_id=2200"},"modified":"2016-07-25T10:52:05","modified_gmt":"2016-07-25T10:52:05","slug":"regolamento-di-partecipazione-al-contest-festa-de-borg-2016","status":"publish","type":"page","link":"http:\/\/www.societadeborg.it\/?page_id=2200","title":{"rendered":"Contest INNOVAZIONE &#8211; Festa de Borg 2016"},"content":{"rendered":"<p dir=\"ltr\" id=\"docs-internal-guid-e3c8700d-a1fb-9b26-273b-08e73a621cc6\" style=\"text-align: center;\"><strong><a href=\"http:\/\/www.societadeborg.it\/wordpress\/wp-content\/uploads\/2016\/07\/Foto-Home-Makers-1024x2771.jpg\"><img decoding=\"async\" loading=\"lazy\" class=\" wp-image-2282 aligncenter\" alt=\"Foto-Home-Makers-1024x277\" src=\"http:\/\/www.societadeborg.it\/wordpress\/wp-content\/uploads\/2016\/07\/Foto-Home-Makers-1024x2771.jpg\" width=\"830\" height=\"224\" srcset=\"http:\/\/www.societadeborg.it\/wordpress\/wp-content\/uploads\/2016\/07\/Foto-Home-Makers-1024x2771.jpg 1024w, http:\/\/www.societadeborg.it\/wordpress\/wp-content\/uploads\/2016\/07\/Foto-Home-Makers-1024x2771-300x81.jpg 300w\" sizes=\"(max-width: 830px) 100vw, 830px\" \/><\/a>PREMESSA: LA FESTA<\/strong><\/p>\n<p dir=\"ltr\"><strong>XX Festa de Borg, PERFECT DAY<\/strong> Sar\u00e0 il giorno in cui mettere al centro della nostra vita sociale il riconoscimento di se stessi come parte degli altri, in una realt\u00e0 che ci lega a un progetto comune. Sar\u00e0 un trionfo di condivisioni: dalla cultura al pianeta, dal cibo alla musica, dalla storia all\u2019innovazione. Un giorno nel quale la distanza tra l\u2019Io e gli Altri sar\u00e0 colmata da azioni concrete e necessarie, messe in atto assieme per il futuro di tutti e tutti ne saranno coinvolti: dai pi\u00f9 piccoli ai pi\u00f9 grandi. Ecco le regole della Giornata Perfetta: deve essere condivisa; fa accadere le cose; pu\u00f2 ribaltare regole e gerarchie; elimina pregiudizi e produce visioni di cambiamento. Si basa sulla condivisione: la Giornata Perfetta la costruisci per me, ma non esiste senza di te.<\/p>\n<p dir=\"ltr\">Per realizzare assieme la settima area: <strong>CONDIVIDERE L\u2019INNOVAZIONE<\/strong>, <strong>La Societ\u00e0 de Borg<\/strong> e <strong>MakeRN<\/strong> interpretano la giornata perfetta raccontata a partire da un Fab Lab a cielo aperto dove il sapere e il saper fare non \u00e8 un brevetto per arricchirsi, ma una fucina di lavoro e condivisione. Dove il ritmo muove l\u2019innovazione e l\u2019innovazione \u00e8 creazione, dove nazionale \/ internazionale e locale si mescolano generando una perfetta integrazione, dove comportamenti e pratiche su basi volontarie migliorano la qualit\u00e0 della vita di chi le pratica e della societ\u00e0 in cui vive.<\/p>\n<p dir=\"ltr\" style=\"text-align: center;\"><strong>12 gli spazi a disposizione, 6 categorie\/aree, un\u2019area comune di presentazione<\/strong><\/p>\n<p dir=\"ltr\">La Festa offre un palcoscenico privilegiato per entrare in contatto con il pubblico riminese e non solo.\u00a0 Alcuni dati registrati nelle precedenti edizioni testimoniano l\u2019importanza dell\u2019evento: \u25cf 40.000 visitatori nei giorni della Festa; \u25cf 20.000 biglietti della lotteria venduti; \u25cf 10.000 libretti con le informazioni sull\u2019evento; \u25cf 500 affissioni di manifesti per le vie della citt\u00e0; \u25cf 300 volontari coinvolti; \u25cf 2.500 litri di birra, 1.800 litri di vino, mezza tonnellata di salsicce, 1 tonnellata e mezzo tra pesce fritto, spiedini e seppie con i piselli, 300 kg di trippa, 8.000 piade, 2.000 bomboloni \u25cf ampia copertura mediatica<\/p>\n<p dir=\"ltr\"><strong>Chi pu\u00f2 partecipare al contest<br \/>\n<\/strong>Tutti gli appassionati di tecnologia, educatori, pensatori, inventori, ingegneri, autori, artisti, studenti, artigiani 2.0, ecc. il cui motto \u00e8\u00a0 &#8220;facciamo insieme&#8221;.<strong><br \/>\n<\/strong>L\u2019iscrizione al Contest Festa de&#8217; Borg \u00a02016 &#8211; Perfect Day \u00e8 gratuita per tutti coloro che vorranno esporre i loro progetti, italiani o stranieri, cos\u00ec come richiesto dalla domanda di partecipazione al Contest.<br \/>\nI progetti che si aggiudicheranno la postazione\/stand saranno scelti in base al livello di :<br \/>\n&#8211; condivisione;<br \/>\n&#8211; innovazione;<br \/>\n&#8211; responsabilit\u00e0 sociale;<br \/>\n&#8211; \u201cglocalit\u00e0\u201d;<br \/>\ne la selezione avverr\u00e0 ad opera di una commissione composta da 5 persone nominate dagli organizzatori.<br \/>\n<strong>Il termine per la presentazione della domanda \u00e8 il 2 agosto 2016.<\/strong><\/p>\n<h2 dir=\"ltr\"><strong>Per aderire: <a href=\"https:\/\/docs.google.com\/forms\/d\/1iOTZaX42EcWHBk-r5V6njXeIJMP8Hw9Tg-tlWyAdlqw\/viewform?fbzx=-2201012578005175600\">domanda di partecipazione al contest<\/a><a href=\"https:\/\/docs.google.com\/forms\/d\/1iOTZaX42EcWHBk-r5V6njXeIJMP8Hw9Tg-tlWyAdlqw\/viewform?fbzx=-2201012578005175600\"><br \/>\n<\/a><\/strong><\/h2>\n<h2 style=\"text-align: center;\"><strong>Regolamento di Partecipazione al \u201cContest Festa de Borg 2016\u201d<\/strong><\/h2>\n<ol>\n<li>ORGANIZZATORI DELL\u2019INIZIATIVA<br \/>\nL\u2019organizzazione del Contest Festa de&#8217; Borg \u00a02016 &#8211; Perfect Day \u00e8 a cura di: Associazione La Societ\u00e0 de Borg, via Ortaggi, 2 \u2013 47921 Rimini (<a href=\"http:\/\/www.societadeborg.it\/?page_id=30\">www.societadeborg.it)<\/a> e Associazione MakeRN (http:\/\/www.makern.it), (definiti qui di seguito semplicemente \u201cgli organizzatori\u201d).<\/li>\n<\/ol>\n<ol start=\"2\">\n<li dir=\"ltr\">\n<p dir=\"ltr\">OGGETTO DELL\u2019INIZIATIVA<br \/>\nObiettivo del Contest \u00e8 promuovere l\u2019innovazione e diffusione della cultura digitale nell\u2019ambito della Festa de Borg.<br \/>\n1. Le domande selezionate parteciperanno al Contest per aggiudicarsi una delle 12 postazioni in palio, indicativamente assegnate nelle 6 aree di condivisione, di cui \u00e8 composta l\u2019iniziativa descritte qui (link) o qui di seguito descritte:<br \/>\nCONDIVIDERE IL PIANETA La giornata perfetta raccontata a partire dal riciclo e dal riuso, dal green Dove le piazze saranno riqualificate, le pareti verticali abbelliranno strade, dove i lampioni avranno bisogno del tuo aiuto per illuminarsi, dove tutto sar\u00e0 un dono riusabile e condivisibile senza fine.<br \/>\nCONDIVIDERE LA TAVOLA La giornata perfetta raccontata a partire dal cibo, dalle produzioni a km zero e dalle tipicit\u00e0 Dove un pezzo dimenticato di Borgo diventa la Regina della Festa, dove aggiungere un posto a tavola \u00e8 di regola, dove le radici parlano con la delicatezza ospitale di un gusto, di un sapore, di un odore. E dove il buono diventa anche il bene che possiamo fare alla terra, ai suoi frutti e alla ricchezza stagionale delle sue biodiversit\u00e0.<br \/>\nCONDIVIDERE VIAGGI E CULTURE La giornata perfetta raccontata a partire dall\u2019esperienza del viaggio, della migrazione del successivo incontro tra e con le culture Dove regna la vera globalizzazione: quella della curiosit\u00e0 e della solidariet\u00e0.<br \/>\nCONDIVIDERE UN BORGO La giornata perfetta raccontata a partire dal Borgo: le buone pratiche Dove senza volerlo e non per compiacerci scopriamo che il Borgo di San Giuliano \u00e8 di per se stesso una buona pratica: una povera coppa di Graal, per decenni alla periferia della ricchezza e del potere, ma che ha saputo risplendere del vero spirito di partecipazione e di condivisione. CONDIVIDERE IL BENESSERE La giornata perfetta raccontata a partire dall\u2019ascolto del nostro corpo Dove in un villaggio del benessere si organizza un circuito di prova per diverse discipline di cura della propria forma fisica e un centro \u201cdiagnosi\u201d (nutrizionale \/kiro \/fisio \/kin \/medicina sportiva ).<br \/>\nCONDIVIDERE IL FUTURO La giornata perfetta raccontata a partire da ci\u00f2 che saremo Gli spettacoli dell\u2019invaso: dove attraverso Grandi visioni con la voce dei pi\u00f9 piccoli e attraverso un\u2019opera sublime di pop e lirica attraverseremo i sei gradi di perfezione che ci dividono dal futuro che vogliamo.<br \/>\n2. I progetti dovranno essere esclusivamente non a scopo di lucro e preferibilmente Open ed almeno gi\u00e0 prototipati. Per prototipati si intende trasformati in un modello atto a verificare la bont\u00e0 del progetto; con la parola Open si intende reso pubblico per favorire lo sviluppo dello stesso.<\/p>\n<\/li>\n<\/ol>\n<ol start=\"3\">\n<li dir=\"ltr\">\n<p dir=\"ltr\">SOGGETTI DESTINATARI E TERMINE DI ISCRIZIONE<br \/>\nL\u2019iscrizione al Contest Festa de&#8217; Borg \u00a02016 &#8211; Perfect Day \u00e8 gratuita per tutti coloro che vorranno esporre i loro progetti , italiani o stranieri, cos\u00ec come richiesto dalla domanda di partecipazione al Contest (definiti qui di seguito semplicemente maker) durante i due giorni dell\u2019evento (3-4- settembre 2016).<br \/>\n<strong>Si invitano i maker interessati ad iscriversi entro il 2 agosto 2016<\/strong>.<\/p>\n<\/li>\n<\/ol>\n<ol start=\"4\">\n<li dir=\"ltr\">\n<p dir=\"ltr\">SELEZIONE DEI MAKER, MODALIT\u00c0 DI PARTECIPAZIONE E CONDIZIONI GENERALI<br \/>\n1. I progetti che si aggiudicheranno la postazione\/stand saranno scelti in base al livello di condivisione, innovazione, responsabilit\u00e0 sociale e \u201cGlocalit\u00e0\u201d;<br \/>\n2. L\u2019accettazione delle domande di iscrizione spetta solamente agli organizzatori;<br \/>\n3. La decisione sulla selezione dei maker \u00e8 degli organizzatori ed \u00e8 insindacabile, senza alcuna necessit\u00e0 di motivazione;<br \/>\n4. L\u2019accettazione dell\u2019iscrizione non comporta per gli organizzatori nessun rimborso di costi sostenuti dai maker (come ad esempio spese di viaggio, soggiorno, allestimento o altro), che vanno coperti dai maker stessi;<br \/>\n5. La postazione offerta ai maker sar\u00e0 composta da: un tavolo (2,2&#215;0,70m) e due sedie; una presa elettrica (singola Schuko, carico massimo 1000W); un gazebo\/copertura, anche con struttura condivisa, in caso di maltempo. Richieste che vadano oltre alla dotazione minima sopra elencata (come ad esempio uno spazio maggiore, una maggiore potenza elettrica, una connessione wifi o altro ancora) vanno fatte esplicitamente al momento dell\u2019iscrizione, e se opportunamente motivate verranno prese in considerazione dagli organizzatori compatibilmente con le risorse disponibili;<br \/>\n6. La disposizione delle postazioni\/stands e gli orari di eventuali laboratori pratici saranno stabiliti dagli organizzatori, sentendo le esigenze di tutti i proponenti, e pubblicati nel programma ufficiale appena possibile. In caso di necessit\u00e0 potr\u00e0 essere ridotta la durata temporale massima degli eventi organizzati dai maker. Ai maker \u00e8 richiesta la partecipazione obbligatoria per tutta la durata dell\u2019evento (sabato e domenica); nel caso ci\u00f2 non fosse possibile dovranno informare almeno due settimane prima dell\u2019evento gli organizzatori; in caso contrario \u00e8 prevista una penale di euro 100,00 per le spese comunque sostenute dagli organizzatori;<br \/>\n7. Ai maker iscritti verr\u00e0 rilasciato un pass per l\u2019accesso veicolare per carico e scarico nell&#8217;area designata ai fini dell\u2019allestimento. La richiesta di ulteriori permessi di accesso dovr\u00e0 essere autorizzata in anticipo dagli organizzatori. \u00a0L\u2019allestimento dovr\u00e0 essere pronto entro le ore 16 di sabato 3 settembre. Il disallestimento avverr\u00e0 a partire dalle 00.00 di domenica 4 settembre e continuer\u00e0 nella mattina di luned\u00ec 5 settembre.<br \/>\n8. Ogni pubblicit\u00e0 esplicita di prodotti commerciali (anche non in vendita) dovr\u00e0 essere autorizzata in anticipo dagli organizzatori.<\/p>\n<\/li>\n<li dir=\"ltr\">GARANZIE E MANLEVE:<br \/>\n1. Con l\u2019accettazione del presente Regolamento in fase di domanda di partecipazione, ogni maker dichiara e garantisce che:<br \/>\n&#8211; in relazione al progetto presentato il maker dispone dei diritti per poter partecipare al Contest;<br \/>\n&#8211; il progetto non contrasta i diritti meritevoli di tutela spettanti a terzi soggetti, inclusi i diritti su marchi brevetti e segreti industriali, diritti d\u2019autore, diritti provenienti da contratti o licenze, diritti relativi alla privacy, diritti morali, diritti di pubblicit\u00e0 o i diritti di immagine;<br \/>\n&#8211; il progetto non \u00e8 intrinsecamente diffamatorio o oltraggioso o non ha \u00a0\u00a0contenuti in grado di danneggiare il nome l\u2019onore o reputazione degli organizzatori del Contest;<br \/>\n&#8211; il progetto non viola le disposizioni di legge vigenti e non contiene caratteristiche incoraggianti comportamenti illeciti o minatori, intimidatori e molesti;<br \/>\n&#8211; eventuali danni a persone o cose originati dallo svolgimento dell\u2019attivit\u00e0 dei maker saranno a carico dei maker responsabili. Ogni attivit\u00e0 che possa risultare potenzialmente pericolosa per il pubblico o per i maker stessi dovr\u00e0 essere indicata nella domanda ed esplicitamente autorizzata in anticipo dagli organizzatori. Vi sar\u00e0 uno staff di volontari, coordinati dagli organizzatori e chiaramente identificabili, che supporter\u00e0 i maker e con i quali tutti i maker sono tenuti a collaborare pienamente;<br \/>\n2. I maker dichiarano, sin dal momento della presentazione della candidatura al Contest, di tenere indenne integralmente e manlevare gli Organizzatori e gli Sponsor da qualsiasi rivendicazione o pretesa risarcitoria presentata da qualunque soggetto terzo, per la violazione di una delle disposizioni e per il termine massimo di legge consentito;<br \/>\n3. Fermo restando quanto sopra, i maker, con la presentazione della candidatura, autorizzano gli organizzatori a poter utilizzare per finalit\u00e0 promozionali e pubblicitarie nome, la denominazione sociale e immagine, nonch\u00e9 nome immagini e aspetti che identificano il progetto presentato, cos\u00ec come a rendere disponibile al pubblico i materiali relativi al progetto, attraverso i materiali editoriali predisposti per la Festa de Borgo e per il Contest e attraverso i siti e social network degli Organizzatori e degli Sponsor.<\/li>\n<\/ol>\n<ol start=\"6\">\n<li dir=\"ltr\">\n<p dir=\"ltr\">VERIDICITA\u2019 DELLE INFORMAZIONI:<br \/>\nCon l\u2019accettazione del presente Regolamento in fase di domanda di partecipazione, ogni maker dichiara e garantisce sotto la propria responsabilit\u00e0 che tutte le informazioni e dati forniti per la partecipazione al Contest rispettano i criteri di correttezza, veridicit\u00e0 e completezza e che in caso di violazione degli stessi i maker stessi si impegnano a manlevare gli Organizzatori da qualunque rivendicazione o pretesa risarcitoria presentata da qualsiasi soggetto terzo, rendendosi esclusivamente e pienamente responsabili delle informazioni dichiarate.<\/p>\n<\/li>\n<\/ol>\n<ol start=\"7\">\n<li dir=\"ltr\">\n<p dir=\"ltr\">LEGGE E FORO COMPETENTE:<br \/>\n1. Le obbligazioni presenti nel Contest hanno efficacia dal momento della presentazione della candidatura e relativa accettazione da parte degli organizzatori, fino al termine dell\u2019evento.<br \/>\n2. Il presente regolamento \u00e8 disciplinato dalla legge italiana e qualsiasi controversia dovesse sorgere sar\u00e0 di competenza del foro di Rimini; ogni altro foro concorrente che dovesse essere eletto sar\u00e0 escluso.<br \/>\n3. Il presente Contest non rientra nella disciplina dei \u201cregolamenti concorsi ed operazioni a premio\u201d (D.P.R. 430\/2001, art. 6 lettera a).<\/p>\n<\/li>\n<\/ol>\n<ol start=\"8\">\n<li dir=\"ltr\">\n<p dir=\"ltr\">DATI PERSONALI E PRIVACY:<br \/>\n1. I maker sono a conoscenza che gli organizzatori rispettano la loro privacy e non divulgheranno le loro informazioni personali , che saranno trattate secondo quanto previsto dalla legge in materia di Protezione dei Dati Personali (Dlgs no. 196 del 2003).<br \/>\n2. I maker sono altres\u00ec a conoscenza del fatto che con l\u2019atto della loro richiesta di iscrizione, acconsentono a condividere i dati forniti con la partecipazione e quelli relativi al loro progetto\/stand\/performance con gli organizzatori per finalit\u00e0 editoriali e promozionali e in ogni caso per le finalit\u00e0 connesse alla Festa de Borg e al Contest Festa de Borg 2016.<br \/>\n3. La policy riguardante la privacy \u00e8 disponibile <a href=\"http:\/\/www.societadeborg.it\/?page_id=2196\">cliccando qui<\/a><\/p>\n<\/li>\n<\/ol>\n<p><strong>La partecipazione al Contest \u00a0comporta ai maker l\u2019accettazione delle regole e clausole contenute nel presente regolamento, senza limitazione alcuna.<\/strong><\/p>\n","protected":false},"excerpt":{"rendered":"<p>PREMESSA: LA FESTA XX Festa de Borg, PERFECT DAY Sar\u00e0 il giorno in cui mettere al centro della nostra vita sociale il riconoscimento di se stessi come parte degli altri, in una realt\u00e0 che ci lega a un progetto comune. Sar\u00e0 un trionfo di condivisioni: dalla cultura al pianeta, dal cibo alla musica, dalla storia all\u2019innovazione. Un giorno nel quale la distanza tra l\u2019Io e gli Altri sar\u00e0 colmata da azioni concrete e necessarie, messe in atto assieme per il futuro di tutti e tutti ne saranno coinvolti: dai pi\u00f9 piccoli ai pi\u00f9 grandi. Ecco le regole della Giornata Perfetta: <a class=\"more-link\" href=\"http:\/\/www.societadeborg.it\/?page_id=2200\">Leggi tutto<\/a><\/p>\n","protected":false},"author":1,"featured_media":0,"parent":0,"menu_order":0,"comment_status":"closed","ping_status":"closed","template":"","meta":[],"_links":{"self":[{"href":"http:\/\/www.societadeborg.it\/index.php?rest_route=\/wp\/v2\/pages\/2200"}],"collection":[{"href":"http:\/\/www.societadeborg.it\/index.php?rest_route=\/wp\/v2\/pages"}],"about":[{"href":"http:\/\/www.societadeborg.it\/index.php?rest_route=\/wp\/v2\/types\/page"}],"author":[{"embeddable":true,"href":"http:\/\/www.societadeborg.it\/index.php?rest_route=\/wp\/v2\/users\/1"}],"replies":[{"embeddable":true,"href":"http:\/\/www.societadeborg.it\/index.php?rest_route=%2Fwp%2Fv2%2Fcomments&post=2200"}],"version-history":[{"count":31,"href":"http:\/\/www.societadeborg.it\/index.php?rest_route=\/wp\/v2\/pages\/2200\/revisions"}],"predecessor-version":[{"id":2281,"href":"http:\/\/www.societadeborg.it\/index.php?rest_route=\/wp\/v2\/pages\/2200\/revisions\/2281"}],"wp:attachment":[{"href":"http:\/\/www.societadeborg.it\/index.php?rest_route=%2Fwp%2Fv2%2Fmedia&parent=2200"}],"curies":[{"name":"wp","href":"https:\/\/api.w.org\/{rel}","templated":true}]}}