{"id":1541,"date":"2014-08-18T13:31:37","date_gmt":"2014-08-18T13:31:37","guid":{"rendered":"http:\/\/www.societadeborg.it\/?page_id=1541"},"modified":"2014-08-31T17:05:40","modified_gmt":"2014-08-31T17:05:40","slug":"in-saecula-saeculorum-leta-della-ragione-e-il-risorgimento","status":"publish","type":"page","link":"http:\/\/www.societadeborg.it\/?page_id=1541","title":{"rendered":"In saecula saeculorum: l&#8217;et\u00e0 della ragione e il risorgimento"},"content":{"rendered":"<p><img decoding=\"async\" loading=\"lazy\" class=\"size-full wp-image-1512 alignright\" alt=\"risorgimento\" src=\"http:\/\/www.societadeborg.it\/wordpress\/wp-content\/uploads\/2014\/08\/risorgimento.jpg\" width=\"250\" height=\"250\" srcset=\"http:\/\/www.societadeborg.it\/wordpress\/wp-content\/uploads\/2014\/08\/risorgimento.jpg 250w, http:\/\/www.societadeborg.it\/wordpress\/wp-content\/uploads\/2014\/08\/risorgimento-150x150.jpg 150w\" sizes=\"(max-width: 250px) 100vw, 250px\" \/><\/p>\n<p><strong>sabato 6 dalle 22.00 viva v.e.r.d.i<\/strong><br \/>\n<em>sagrato della chiesa di san giuliano<\/em><\/p>\n<p>Un percorso verdiano del risorgimento italiano: i cori pi\u00f9 celebri che hanno fatto la storia d\u2019italia a cura del Coro Galli di<br \/>\nRimini, al pianoforte il maestro Di Muro.<\/p>\n<p>&nbsp;<\/p>\n<p><strong>domenica 7 dalle 19.00<\/strong><br \/>\n<strong>Fermento etnico<\/strong><br \/>\n<em>sagrato della chiesa di san giuliano<\/em><\/p>\n<p>I balli della tradizione popolare del \u2018700, \u2018800, \u2018900. Fermento Etnico \u00e8 un progetto che alcuni amici, legati dalla passione per la musica e la cultura popolare\/tradizionale, hanno creato con lo scopo di promuovere, attraverso varie attivit\u00e0 ed even- ti, situazioni di carattere culturale nel territorio riminese, legate alle tradizioni popolari.<\/p>\n<p>L\u2019Associazione nasce anche dall\u2019esigenza di ricercare, approfondire, conoscere, divulgare e valorizzare ogni aspetto di que- ste tradizioni, al fine di cogliere il patrimonio e la ricchezza di generazioni passate e rivivere tutto ci\u00f2 con la consapevolezza che il confronto tra le diverse culture (e generazioni) \u00e8 sempre pi\u00f9 sentito, sempre pi\u00f9 necessario in una societ\u00e0 sempre pi\u00f9 multietnica.<\/p>\n<p>Lasciatevi coinvolgere dai ritmi ed unitevi alle danze!<\/p>\n<p>&nbsp;<\/p>\n<p><strong>sabato 6 e domenica 7 settembre dalle 18.00<\/strong><br \/>\n<strong>\u201cla moglie del pescatore\u201d <i>di e con Maria Costantini<\/i><\/strong><br \/>\n<em>SALA5X10 vicolo Forzieri 6<\/em><\/p>\n<p><i>P<\/i><i>erformance interattiva per 25 spettatori curiosi da 5 a 100 anni, ogni 20 minuti<\/i><\/p>\n<p>San Giuliano tra 700 e 800, un borgo di pescatori, uomini che escono in mare senza conoscere il giorno del loro ritorno, il vento e la buona sorte decideranno;<br \/>\nle donne rimangono in attesa a compiere gli ultimi piccoli affari e a sperare; appena si avvista la vela di famiglia in porto, tutti a correre, a prendere il pesce e venderlo al mercato; le mogli sono protagoniste di questo commercio. Eccoci catapul- tati dentro una casa di pescatori dove la donna\\ moglie\\ sdora di casa e\u2019 in attesa del ritorno del marito, in questa attesa la narrazione diventa protagonista di uno stato d\u2019animo e testimone di un mondo passato, fatto di leggende e aneddoti, di una memoria che ancora ci appartiene e che ancora qualche nonna puo\u2019 raccontare&#8230; ecco che all\u2019improvviso ci\u00f2 che sem- bra quotidiano diventa archetipico e tutti, grandi e piccoli, siamo coinvolti in una storia di mare, fatta di pesci, di avventure e di mostri lontani come le sirene!<\/p>\n<p>&nbsp;<\/p>\n<p><b>\u00a0<\/b><\/p>\n","protected":false},"excerpt":{"rendered":"<p>sabato 6 dalle 22.00 viva v.e.r.d.i sagrato della chiesa di san giuliano Un percorso verdiano del risorgimento italiano: i cori pi\u00f9 celebri che hanno fatto la storia d\u2019italia a cura del Coro Galli di Rimini, al pianoforte il maestro Di Muro. &nbsp; domenica 7 dalle 19.00 Fermento etnico sagrato della chiesa di san giuliano I balli della tradizione popolare del \u2018700, \u2018800, \u2018900. Fermento Etnico \u00e8 un progetto che alcuni amici, legati dalla passione per la musica e la cultura popolare\/tradizionale, hanno creato con lo scopo di promuovere, attraverso varie attivit\u00e0 ed even- ti, situazioni di carattere culturale nel territorio <a class=\"more-link\" href=\"http:\/\/www.societadeborg.it\/?page_id=1541\">Leggi tutto<\/a><\/p>\n","protected":false},"author":1,"featured_media":0,"parent":0,"menu_order":0,"comment_status":"closed","ping_status":"closed","template":"","meta":[],"_links":{"self":[{"href":"http:\/\/www.societadeborg.it\/index.php?rest_route=\/wp\/v2\/pages\/1541"}],"collection":[{"href":"http:\/\/www.societadeborg.it\/index.php?rest_route=\/wp\/v2\/pages"}],"about":[{"href":"http:\/\/www.societadeborg.it\/index.php?rest_route=\/wp\/v2\/types\/page"}],"author":[{"embeddable":true,"href":"http:\/\/www.societadeborg.it\/index.php?rest_route=\/wp\/v2\/users\/1"}],"replies":[{"embeddable":true,"href":"http:\/\/www.societadeborg.it\/index.php?rest_route=%2Fwp%2Fv2%2Fcomments&post=1541"}],"version-history":[{"count":5,"href":"http:\/\/www.societadeborg.it\/index.php?rest_route=\/wp\/v2\/pages\/1541\/revisions"}],"predecessor-version":[{"id":1608,"href":"http:\/\/www.societadeborg.it\/index.php?rest_route=\/wp\/v2\/pages\/1541\/revisions\/1608"}],"wp:attachment":[{"href":"http:\/\/www.societadeborg.it\/index.php?rest_route=%2Fwp%2Fv2%2Fmedia&parent=1541"}],"curies":[{"name":"wp","href":"https:\/\/api.w.org\/{rel}","templated":true}]}}