{"id":1529,"date":"2014-08-18T13:20:55","date_gmt":"2014-08-18T13:20:55","guid":{"rendered":"http:\/\/www.societadeborg.it\/?page_id=1529"},"modified":"2014-08-31T16:32:14","modified_gmt":"2014-08-31T16:32:14","slug":"domenica-7-gli-spettacoli-nellinvaso","status":"publish","type":"page","link":"http:\/\/www.societadeborg.it\/?page_id=1529","title":{"rendered":"Domenica 7: gli spettacoli nell&#8217;invaso"},"content":{"rendered":"<h3><img decoding=\"async\" loading=\"lazy\" alt=\"domenica\" src=\"http:\/\/www.societadeborg.it\/wordpress\/wp-content\/uploads\/2014\/08\/domenica.jpg\" width=\"700\" height=\"159\" \/><\/h3>\n<h3>Happy birthday mr. tiberio: il gran gal\u00e0 del ponte<\/h3>\n<p>Le vere candeline le spegneremo domenica sera, durante quello che passer\u00e0 alla storia riminese come il Gran Gal\u00e0 del Ponte che avr\u00e0 inizio verso le 22.00 nell\u2019invaso, secondo il seguente programma:<\/p>\n<p><strong>Ore 22.00 textures on tiberio<\/strong><\/p>\n<p>Il ponte pronte a spegnere le sue 2000 candeline si vestir\u00e0 a festa: \u00a0omaggiato per tutta la serata da una molteplice e vibrante performance che lo rivestir\u00e0 di luce. Speciali cannoni video proietteranno sulle pietre antiche un caleidoscopio di textures in loop offerte dall\u2019insolita crew di artisti <i>United Artists for Tiberi<\/i>o.<\/p>\n<p>L\u2019inondazione di luci sar\u00e0 il richiamo che il Gran Gal\u00e0 star\u00e0 per iniziare, per cui tutti pronti sugli spalti naturali dell\u2019invaso o sopra il ponte per il Gran Concerto di Gala.<\/p>\n<p>&nbsp;<\/p>\n<p><strong>Ore 22.30 gran concerto di gala<\/strong><\/p>\n<p>gran concerto di gala in onore del ponte in collaborazione con la sagra musicale malatestiana. orchestra lettimi, orche- stra sinfonica rossini, coro lirico citt\u00e0 di rimini \u201ca.galli\u201d<br \/>\nMatteo Salvemini direttore Aldo Zangheri viola elettrica brani:<br \/>\n<i>Inno alla Gioia <\/i>dalla <i>Sinfonia n. 9 <\/i>(Beethoven)<br \/>\n<i>Carmina Burana n. 1 &#8211; 2 &#8211; 6 &#8211; 10 <\/i>(Orff)<\/p>\n<p>&nbsp;<\/p>\n<p><strong>Ore 23.30 Happy birthday to you&#8230; mr. tiberio!<\/strong><\/p>\n<p>Al termine dell\u2019esecuzione del concerto, coro e orchestra restano sul palco perch\u00e8 scenograficamente intoneranno il celebre jingle dando il l\u00e0 a tutti gli astanti nell\u2019invaso mentre in mezzo all\u2019acqua far\u00e0 il suo ingresso &#8211; da sotto le arcate del ponte &#8211; una gigantesca torta con le sue 2000 candeline.<\/p>\n<p><strong>Ore 23.45 tiberio superstar: un indimenticabile spettacolo di fuochi d\u2019artificio con concerto live<\/strong><\/p>\n<p>La serata di gala si chiude con l\u2019imperdibile spettacolo di fuochi d\u2019artificio che esploderanno alti nel cielo sopra il ponte a partire dalle note della musica per i fuochi d\u2019artificio di Handel e dei Deep Purple. Unica e sperimentale nel suo genere lo spettacolo di fuochi d\u2019artificio a cura di Scarpato verr\u00e0 accompagnato in diretta con l\u2019orchestra della sagra Musicale Mala- testiana.<\/p>\n<p>brani:<br \/>\n<i>Sweet child o\u2019mine <\/i>(Guns N\u2019Roses)<br \/>\n<i>Royal Fireworks Music <\/i>&#8211; overture (Handel)<br \/>\n<i>Smoke on the water <\/i>(Deep Purple)<\/p>\n","protected":false},"excerpt":{"rendered":"<p>Happy birthday mr. tiberio: il gran gal\u00e0 del ponte Le vere candeline le spegneremo domenica sera, durante quello che passer\u00e0 alla storia riminese come il Gran Gal\u00e0 del Ponte che avr\u00e0 inizio verso le 22.00 nell\u2019invaso, secondo il seguente programma: Ore 22.00 textures on tiberio Il ponte pronte a spegnere le sue 2000 candeline si vestir\u00e0 a festa: \u00a0omaggiato per tutta la serata da una molteplice e vibrante performance che lo rivestir\u00e0 di luce. Speciali cannoni video proietteranno sulle pietre antiche un caleidoscopio di textures in loop offerte dall\u2019insolita crew di artisti United Artists for Tiberio. L\u2019inondazione di luci sar\u00e0 <a class=\"more-link\" href=\"http:\/\/www.societadeborg.it\/?page_id=1529\">Leggi tutto<\/a><\/p>\n","protected":false},"author":1,"featured_media":0,"parent":0,"menu_order":0,"comment_status":"closed","ping_status":"closed","template":"","meta":[],"_links":{"self":[{"href":"http:\/\/www.societadeborg.it\/index.php?rest_route=\/wp\/v2\/pages\/1529"}],"collection":[{"href":"http:\/\/www.societadeborg.it\/index.php?rest_route=\/wp\/v2\/pages"}],"about":[{"href":"http:\/\/www.societadeborg.it\/index.php?rest_route=\/wp\/v2\/types\/page"}],"author":[{"embeddable":true,"href":"http:\/\/www.societadeborg.it\/index.php?rest_route=\/wp\/v2\/users\/1"}],"replies":[{"embeddable":true,"href":"http:\/\/www.societadeborg.it\/index.php?rest_route=%2Fwp%2Fv2%2Fcomments&post=1529"}],"version-history":[{"count":3,"href":"http:\/\/www.societadeborg.it\/index.php?rest_route=\/wp\/v2\/pages\/1529\/revisions"}],"predecessor-version":[{"id":1595,"href":"http:\/\/www.societadeborg.it\/index.php?rest_route=\/wp\/v2\/pages\/1529\/revisions\/1595"}],"wp:attachment":[{"href":"http:\/\/www.societadeborg.it\/index.php?rest_route=%2Fwp%2Fv2%2Fmedia&parent=1529"}],"curies":[{"name":"wp","href":"https:\/\/api.w.org\/{rel}","templated":true}]}}