{"id":1527,"date":"2014-08-18T13:20:32","date_gmt":"2014-08-18T13:20:32","guid":{"rendered":"http:\/\/www.societadeborg.it\/?page_id=1527"},"modified":"2014-08-31T15:58:38","modified_gmt":"2014-08-31T15:58:38","slug":"sabato-gli-spettacoli-nellinvaso","status":"publish","type":"page","link":"http:\/\/www.societadeborg.it\/?page_id=1527","title":{"rendered":"Sabato 6: gli spettacoli nell&#8217;invaso"},"content":{"rendered":"<h3><img decoding=\"async\" loading=\"lazy\" alt=\"sabato\" src=\"http:\/\/www.societadeborg.it\/wordpress\/wp-content\/uploads\/2014\/08\/sabato.jpg\" width=\"500\" height=\"157\" \/><\/h3>\n<h3>Tiberio scompare<\/h3>\n<p>allestimento temporaneo &#8211; copertura integrale del ponte di tiberio.<\/p>\n<p>dalle ore 14.00 alle 21.30<\/p>\n<p>Un evento unico nel suo genere: la citt\u00e0 vivr\u00e0 per qualche ora senza il suo ponte, interdetto al traffico veicolare e ciclopedo- nale ed altres\u00ec oscurato alla vista da una speciale copertura plastica. Solo l\u2019azione teatrale della Bimillenaria Kitch Parade, ovvero l\u2019uomo che ha costruito e goduto il ponte sino ad oggi, ridoner\u00e0 il ponte alla citt\u00e0 di Rimini, valorizzando la sua pre- senza al centro della vita della citt\u00e0.<\/p>\n<h3>la bimillenaria Kitch parade<\/h3>\n<p><em>ore 21.00 piazza cavour &#8211; 21.30 invaso<\/em><\/p>\n<p>Al suono dell\u2019immancabile banda cittadina si snoder\u00e0 per l\u2019asse principale del castro romano un Corteo augurale e di rievo- cazione storica alla nostra maniera (quella dei borghigiani). Una entropica esplosione di epoche con in testa la banda citta- dina sfiler\u00e0 da piazza Cavour fino al ponte di Tiberio. Passer\u00e0 sopra il ponte in un solo momento tutto ci\u00f2 che per 2000 anni ci \u00e8 transitato sopra: dalle legioni romane ai carretti medievali, dalla carrozza della cinquina alle mille miglia, dai pompieri in bicicletta alle vespe del boom economico, dagli artigiani rinascimentali alle jeep che liberarono Rimini, dai chierici vaganti alle pi\u00f9 contemporanee critical mass in bicicletta e drag queen. Tutto e di tutto e in un sol momento. Poi basta, perch\u00e8 -sim- bolicamente- il ponte si chiude&#8230; per due giorni della festa verr\u00e0 attraversato solo da luci, puri fotoni, oppure suoni armonie speciali, e infine donne e uomini capaci di percorrerlo e attraversarlo senza rimanere indifferenti alla quotidiana enormit\u00e0 della storia che pulsa ancora per le sue pietre.<\/p>\n<p><i>Evento in collaborazione con Associazione Pedalando e Camminando, Uisp, Pedale Riminese, Associazione nazionale Vigili del Fuoco Rimini, Associazione Auto Moto Storiche Rimini, Associazione Vespa Club Rimini che alla fine della parata rimarranno a farci compagnia con proprii presidi e mostre durante la festa.<\/i><\/p>\n<p>In collaborazione con: <strong>puri Fotoni<\/strong><\/p>\n<p>&nbsp;<\/p>\n<h3>lo spettacolo di video bridge mapping<\/h3>\n<p><em>ore 21.45 invaso del ponte di tiberio<\/em><\/p>\n<p>Per l\u2019ultima volta la Bimillenaria Kitch Parade far\u00e0 transitare il possibile e l\u2019impossibile sul ponte ed ecco che il velo si svela e parte il vero clou dello spettacolo del Sabato sera. Epoche, persone, mezzi l\u2019hanno solcato con eserciti, con carri, con ca- valli, con carri armati, jeep, camion vespe e tante tante macchine. Con la Bimillenaria \u00e8 andata in scena l\u2019ultima \u201cgrottesca\u201d rappresentazione poi sar\u00e0 il tempo del rispetto e della sostenibilit\u00e0 perch\u00e8 se in passato abbiamo usato il ponte fino ad abusarne, oggi vorremmo passarci sopra, quasi senza toccarlo, per conservarlo e per tutelarlo: simbolicamente lo faremo con lo spettacolo mozzafiato di un vero e proprio spettacolo di Mapping 3D &#8211; mai visto nel suo genere sul ponte &#8211; con tutti i crismi e tutte le qualit\u00e0 di arte pura e inedita, un racconto di tutto ci\u00f2 che ha attraversato il ponte in 2000 anni di sua storia e che per una buona volta non lo sfiora nemmeno: puri fotoni.<\/p>\n<p>Certamente di proiezioni e videoproiezioni, di giochi 3D sui muri se ne vedono in giro oggi, un po\u2019 ovunque. Ma non scher- ziamo. Qui si fa sul serio. Luca Agnani &#8211; tra i principali video-artist sulla scena italiana e non solo- ci regaler\u00e0 e regaler\u00e0 al plurimillenario ponte minuti mozzafiato di assoluta suspance, di assoluto spettacolo, di puro e semplice videogodimento. Sistemati i figuranti attorno all\u2019invaso si accendono i riflettori sul ponte. Sar\u00e0 il racconto visionario e funambolico, grottesco e dolce, in bilico tra le epoche e le storie, tra la Storia e le leggende, tra le forme e i suoni, sar\u00e0 il racconto di tutto ci\u00f2 che sul ponte ha transitato. Fino ad arrivare ad oggi, al momento del mapping e dello spettacolo&#8230; che sul ponte sembrano tran- sitare solo puri fotoni di arte pura.<\/p>\n<p><strong>Il mapping verr\u00e0 replicato 3 volte durante il sabato.<\/strong><\/p>\n<div style=\"font-size: 10px;\"><em>Luca Agnani nasce a macerata nel 1976. Lavora come creativo, grafico ed esecutivo, video e animazioni 2d e 3d. Nel 2010 applica le sue conoscenze all\u2019Video Architectural Mapping e viene chiamato a lavorare sulle facciate dei principali palazzi, chiese e monumenti italiani.<\/em><br \/>\n<em> Dal 2011, in collaborazione con Claudio Cimini, fotografo con esperienza nel campo multimediale, si occupa non solo della realizzazione creativa ma anche di quella tecnica per la messa in opera delle performances. Lavorano sia in Italia che all\u2019estero per conto di enti, aziende, agenzie e associazioni, percorrendo ogni anno migliaia di chilometri per illuminare le pi\u00f9 importanti architetture.<\/em><br \/>\n<em> I loro lavori vengono inoltre scelti e presentati nei maggiori festival italiani e stranieri come l\u2019Lpm di Roma, il Kernel Festival di Desio, il Robot di Bologna, l\u2019Acusmatiq di Ancona, il Digital Pride di Lecce e il Barrakud Festival in Croazia.<\/em><br \/>\n<em> Nel 2013 Luca viene selezionato tra gli artisti di tutto il mondo per partecipare al \u201cCircle of Light\u201d, concorso Internazionale che ha avuto luogo a Mosca nell\u2019ottobre 2013 : il suo lavoro sulla facciata del Museo di Arte Moderna viene premiato come terzo classificato.<\/em><br \/>\n<em> Di rilevo anche i lavori svolti sul Duomo di Catania in occasione della Festa di S.Agata, sulla Mole Vanvitelliana di Ancona per l\u2019apertura del concerto di Yann Tiersen, sul Santuario di San Michele a Monte Sant\u2019Angelo in occasione della consegna della targa Unesco.<\/em><br \/>\n<em> Nel Maggio 2013 ha realizzato il video \u201cVan Gogh Shadow\u201d e dopo aver avuto pi\u00f9 di 300.000 visualizzazioni in pochi mesi \u00e8 stato invitato a presentare il suo video a Londra dalla catena di grandi magazzini inglese John Lewis per l\u2019inaugurazione delle nuove OLED TV della LG e ad Amsterdam al Van Gogh Museum dal 1 al 22 Novembre in occasione dei \u201cFriday Night at the Van Gogh Museum\u201d.<\/em><br \/>\n<em> I suoi lavori sono stati recensiti e segnalati dai media italiani (La Repubblica, Rai 2, Il Messaggero,Il Post, L\u2019Intarnazionale, FastWeb, Il Mattino, Il Resto del Carlino etc.) e stranieri (The Creators Project, MSN, El Comercio, Anima Mundi, Dailymotion, Viralviralvideos etc.)<\/em><\/div>\n","protected":false},"excerpt":{"rendered":"<p>Tiberio scompare allestimento temporaneo &#8211; copertura integrale del ponte di tiberio. dalle ore 14.00 alle 21.30 Un evento unico nel suo genere: la citt\u00e0 vivr\u00e0 per qualche ora senza il suo ponte, interdetto al traffico veicolare e ciclopedo- nale ed altres\u00ec oscurato alla vista da una speciale copertura plastica. Solo l\u2019azione teatrale della Bimillenaria Kitch Parade, ovvero l\u2019uomo che ha costruito e goduto il ponte sino ad oggi, ridoner\u00e0 il ponte alla citt\u00e0 di Rimini, valorizzando la sua pre- senza al centro della vita della citt\u00e0. la bimillenaria Kitch parade ore 21.00 piazza cavour &#8211; 21.30 invaso Al suono dell\u2019immancabile <a class=\"more-link\" href=\"http:\/\/www.societadeborg.it\/?page_id=1527\">Leggi tutto<\/a><\/p>\n","protected":false},"author":1,"featured_media":0,"parent":0,"menu_order":0,"comment_status":"closed","ping_status":"closed","template":"","meta":[],"_links":{"self":[{"href":"http:\/\/www.societadeborg.it\/index.php?rest_route=\/wp\/v2\/pages\/1527"}],"collection":[{"href":"http:\/\/www.societadeborg.it\/index.php?rest_route=\/wp\/v2\/pages"}],"about":[{"href":"http:\/\/www.societadeborg.it\/index.php?rest_route=\/wp\/v2\/types\/page"}],"author":[{"embeddable":true,"href":"http:\/\/www.societadeborg.it\/index.php?rest_route=\/wp\/v2\/users\/1"}],"replies":[{"embeddable":true,"href":"http:\/\/www.societadeborg.it\/index.php?rest_route=%2Fwp%2Fv2%2Fcomments&post=1527"}],"version-history":[{"count":5,"href":"http:\/\/www.societadeborg.it\/index.php?rest_route=\/wp\/v2\/pages\/1527\/revisions"}],"predecessor-version":[{"id":1589,"href":"http:\/\/www.societadeborg.it\/index.php?rest_route=\/wp\/v2\/pages\/1527\/revisions\/1589"}],"wp:attachment":[{"href":"http:\/\/www.societadeborg.it\/index.php?rest_route=%2Fwp%2Fv2%2Fmedia&parent=1527"}],"curies":[{"name":"wp","href":"https:\/\/api.w.org\/{rel}","templated":true}]}}