{"id":150,"date":"2013-09-03T20:17:52","date_gmt":"2013-09-03T20:17:52","guid":{"rendered":"http:\/\/www.societadeborg.it\/wordpress\/?page_id=150"},"modified":"2013-12-02T14:23:40","modified_gmt":"2013-12-02T14:23:40","slug":"freeborg-artorne-me-futur-festa-de-borg-2012","status":"publish","type":"page","link":"http:\/\/www.societadeborg.it\/?page_id=150","title":{"rendered":"Freeborg &#8211; Artorne me futur. Festa de Borg 2012"},"content":{"rendered":"<p><i><strong>Come vincere la Profezia dei Maya e far rinascere il mondo a partire dal Borgo. \u00a0 \u00a0 \u00a0<\/strong>\u00a0 \u00a0\u00a0<\/i><\/p>\n<p>Mentre i grandi della terra sono impegnati a risolvere la temuta fine del mondo, nel piccolo e periferico Borgo si fa strada l\u2019idea che la fine del mondo non ci sar\u00e0 se la sua Comunit\u00e0 riuscir\u00e0 ad essere pi\u00f9 solidale e ad avere comportamenti sostenibili e rispettosi dell\u2019ecosistema.<br \/>\nLa ricetta \u00e8 dunque questa: il ciclo\u00a0e la vita non finir\u00e0 se, improvvisamente, per due giorni e due notti, il meglio del passato conviver\u00e0 con il meglio del futuro.<\/p>\n<p><i><span style=\"font-family: Verdana;\">COME TANTE ISTANTANEE: PASSATO, PRESENTE E FUTURO<br \/>\n<\/span><\/i><i><span style=\"font-family: Verdana; font-size: small;\">Il borgo viene suddiviso in tre zone: passato, presente, futuro. Bloccato il meccanismo dei cicli,\u00a0<\/span><\/i><i><i><i><span style=\"font-family: Verdana; font-size: small;\">i tre tempi convivono per l\u2019intera durata della festa. Cos\u00ec come le piazze, gli eventi e le performance non sono altro che tante istantanee scattate nello stesso momento nonostante provengano da tempi diversi.\u00a0<\/span><\/i><\/i><\/i><\/p>\n<p><i><i><\/i><\/i><span style=\"font-size: medium;\"><img decoding=\"async\" loading=\"lazy\" alt=\"\" src=\"http:\/\/www.societadeborg.it\/images\/passatopresentefuturo.jpg?212\" width=\"283\" height=\"400\" align=\"left\" border=\"0\" hspace=\"4\" vspace=\"4\" \/><\/span><\/p>\n<p style=\"text-align: left;\"><span style=\"font-size: medium;\"><a href=\"http:\/\/www.societadeborg.it\/wordpress\/?page_id=327\">PASSATO<\/a><br \/>\n<\/span><span style=\"font-family: Verdana; font-size: small;\">Sinteticamente i luoghi principali del passato sono:<br \/>\n<\/span><span style=\"font-family: Verdana; font-size: small;\"><i style=\"font-family: Georgia, 'Times New Roman', 'Bitstream Charter', Times, serif; font-size: 13px;\"><span style=\"font-family: Verdana; font-size: small;\">via san Giuliano, via Padella, via Trai, Piazzetta Gabena\u00a0<\/span><\/i><\/span><\/p>\n<p>\u00a0<span style=\"font-size: medium;\"><a href=\"http:\/\/www.societadeborg.it\/wordpress\/?page_id=355\">PRESENTE<\/a><a id=\"w1345973754374\" href=\"http:\/\/www.societadeborg.it\/presente_11.html\" target=\"blank\"><br \/>\n<\/a><\/span><i><span style=\"font-family: Verdana; font-size: small;\">Quelli del presente sono prevalentemente quelli interessati dai locali e la nuova movida del borgo:<br \/>\n<\/span><\/i><i><i><i><span style=\"font-family: Verdana; font-size: small;\">viale Tiberio, via Forzieri, piazza Ortaggi, piazza Pozzetto, parcheggio Tiberio\u00a0<\/span><\/i><\/i><\/i><\/p>\n<div style=\"text-align: left;\" title=\"Page 2\">\n<p><a href=\"http:\/\/www.societadeborg.it\/wordpress\/?page_id=368\">\u00a0<\/a><span style=\"font-size: medium;\"><a href=\"http:\/\/www.societadeborg.it\/wordpress\/?page_id=368\">FUTURO<\/a><a id=\"w1345973735418\" href=\"http:\/\/www.societadeborg.it\/futuro_12.html\" target=\"blank\"><br \/>\n<\/a><\/span><i><span style=\"font-family: Verdana; font-size: small;\">I luoghi del futuro sono essenzialmente la direttrice del borgo che si sviluppa lungo l\u2019asse di via\u00a0<\/span><\/i><i><i><i><span style=\"font-family: Verdana; font-size: small;\">Marecchia, banchina del lungo-canale, l\u2019invaso e il ponte.<\/span><\/i><\/i><\/i><\/p>\n<p>&nbsp;<\/p>\n<p><a href=\"http:\/\/www.societadeborg.it\/wordpress\/?page_id=374\">Spettacoli nell&#8217;Invaso<\/a><br \/>\n<a href=\"http:\/\/www.societadeborg.it\/wordpress\/?page_id=388\">Mostre<\/a><br \/>\n<a href=\"http:\/\/www.societadeborg.it\/wordpress\/?page_id=396\">Offerta gastronomica (stand, locali)<\/a><\/p>\n<div title=\"Page 2\">\n<div>\n<hr \/>\n<p><i>La Societ\u00e0 de\u2019 Borg desidera ringraziare Enti, Aziende e privati cittadini che, con i loro contributi finanziari, materiali e attraverso diverse forme di collaborazione, hanno permesso la realizza- zione della 18a Festa de\u2019 Borg.<br \/>\nIn particolare: il Presidente e l\u2019Assessorato alla Cultura della Provincia di Rimini, il Sindaco, il Vice Sindaco, la Giunta e il Consiglio Comunale del Comune di Rimini, l\u2019Assessorato al Bilancio, l\u2019Assessorato al Turismo, l\u2019Assessorato ai Lavori Pubblici, l\u2019Assessorato alle Attivit\u00e0 Economiche e l\u2019Assessorato alla Cultura, HERA, il Comando della Polizia Muncipale, il Servizio Ambiente, i Servizi Tecnologici e il Servizio Manutenzione e i Servizi dei vari Dipartimenti Comunali.<br \/>\n<\/i><i>Un sentito ringraziamento va altres\u00ec a tutti i Soci della Societ\u00e0 de\u2019 Borg che personalmente e con le rispettive Aziende e attivit\u00e0 professionali hanno dato il loro fondamentale contributo, e a tutti i commercianti e abitanti del Borgo per la disponibilit\u00e0 e la collaborazione prestata.\u00a0Un ricordo particolare a Dino Spadoni, che per anni \u00e8 stato protagonista della nostra vita sociale.<\/i><\/p>\n<p>&nbsp;<\/p>\n<\/div>\n<div>\n<p><img decoding=\"async\" loading=\"lazy\" alt=\"\" src=\"http:\/\/www.societadeborg.it\/images\/marchi_sponsor.jpg?496\" width=\"518\" height=\"129\" align=\"absMiddle\" border=\"0\" hspace=\"4\" vspace=\"4\" \/><\/p>\n<\/div>\n<\/div>\n<p>&nbsp;<\/p>\n<\/div>\n","protected":false},"excerpt":{"rendered":"<p>Come vincere la Profezia dei Maya e far rinascere il mondo a partire dal Borgo. \u00a0 \u00a0 \u00a0\u00a0 \u00a0\u00a0 Mentre i grandi della terra sono impegnati a risolvere la temuta fine del mondo, nel piccolo e periferico Borgo si fa strada l\u2019idea che la fine del mondo non ci sar\u00e0 se la sua Comunit\u00e0 riuscir\u00e0 ad essere pi\u00f9 solidale e ad avere comportamenti sostenibili e rispettosi dell\u2019ecosistema. La ricetta \u00e8 dunque questa: il ciclo\u00a0e la vita non finir\u00e0 se, improvvisamente, per due giorni e due notti, il meglio del passato conviver\u00e0 con il meglio del futuro. COME TANTE ISTANTANEE: PASSATO, <a class=\"more-link\" href=\"http:\/\/www.societadeborg.it\/?page_id=150\">Leggi tutto<\/a><\/p>\n","protected":false},"author":1,"featured_media":0,"parent":24,"menu_order":2,"comment_status":"closed","ping_status":"closed","template":"","meta":[],"_links":{"self":[{"href":"http:\/\/www.societadeborg.it\/index.php?rest_route=\/wp\/v2\/pages\/150"}],"collection":[{"href":"http:\/\/www.societadeborg.it\/index.php?rest_route=\/wp\/v2\/pages"}],"about":[{"href":"http:\/\/www.societadeborg.it\/index.php?rest_route=\/wp\/v2\/types\/page"}],"author":[{"embeddable":true,"href":"http:\/\/www.societadeborg.it\/index.php?rest_route=\/wp\/v2\/users\/1"}],"replies":[{"embeddable":true,"href":"http:\/\/www.societadeborg.it\/index.php?rest_route=%2Fwp%2Fv2%2Fcomments&post=150"}],"version-history":[{"count":22,"href":"http:\/\/www.societadeborg.it\/index.php?rest_route=\/wp\/v2\/pages\/150\/revisions"}],"predecessor-version":[{"id":653,"href":"http:\/\/www.societadeborg.it\/index.php?rest_route=\/wp\/v2\/pages\/150\/revisions\/653"}],"up":[{"embeddable":true,"href":"http:\/\/www.societadeborg.it\/index.php?rest_route=\/wp\/v2\/pages\/24"}],"wp:attachment":[{"href":"http:\/\/www.societadeborg.it\/index.php?rest_route=%2Fwp%2Fv2%2Fmedia&parent=150"}],"curies":[{"name":"wp","href":"https:\/\/api.w.org\/{rel}","templated":true}]}}