{"id":1476,"date":"2014-08-18T09:38:56","date_gmt":"2014-08-18T09:38:56","guid":{"rendered":"http:\/\/www.societadeborg.it\/?page_id=1476"},"modified":"2014-10-27T16:03:44","modified_gmt":"2014-10-27T16:03:44","slug":"home-festa-2014","status":"publish","type":"page","link":"http:\/\/www.societadeborg.it\/?page_id=1476","title":{"rendered":"XIX\u00b0 FESTA DE BORG: TIBERIO TEIN BOTA"},"content":{"rendered":"<h4><\/h4>\n<p><a href=\"http:\/\/www.societadeborg.it\/?page_id=1478\"><img decoding=\"async\" loading=\"lazy\" class=\"alignleft  wp-image-1623\" alt=\"testata\" src=\"http:\/\/www.societadeborg.it\/wordpress\/wp-content\/uploads\/2014\/08\/testata.png\" width=\"341\" height=\"122\" srcset=\"http:\/\/www.societadeborg.it\/wordpress\/wp-content\/uploads\/2014\/08\/testata.png 1354w, http:\/\/www.societadeborg.it\/wordpress\/wp-content\/uploads\/2014\/08\/testata-300x107.png 300w, http:\/\/www.societadeborg.it\/wordpress\/wp-content\/uploads\/2014\/08\/testata-1024x366.png 1024w\" sizes=\"(max-width: 341px) 100vw, 341px\" \/><\/a><\/p>\n<h4><strong><a href=\"http:\/\/www.societadeborg.it\/?page_id=1478\">CONTROLLA SE HAI VINTO!<\/a><\/strong><\/h4>\n<h4><strong><a href=\"http:\/\/www.societadeborg.it\/?page_id=1478\">QUI I BIGLIETTI VINCENTI!!<\/a><\/strong><\/h4>\n<p>&nbsp;<\/p>\n<h4><\/h4>\n<h4><\/h4>\n<h4><\/h4>\n<h4><\/h4>\n<h4><\/h4>\n<h4><\/h4>\n<h4><\/h4>\n<h4><\/h4>\n<h4><\/h4>\n<h4><\/h4>\n<h4><\/h4>\n<h4><b style=\"font-size: 1em;\">XIX\u00b0 FESTA DE BORG: TIBERIO TEIN BOTA<\/b><\/h4>\n<h4><b style=\"font-size: 1em;\">Ovvero: quanta acqua e&#8217; passata sotto i ponti, ma anche di gente sopra&#8230;<\/b><b><br \/>\n<\/b><b>6\/7 Settembre 2767 a.U.c. *<\/b><\/h4>\n<p><a href=\"https:\/\/www.youtube.com\/watch?v=7mvGpiEG0Hw\"><img decoding=\"async\" loading=\"lazy\" alt=\"Augusto alla Festa\" src=\"http:\/\/www.societadeborg.it\/wordpress\/wp-content\/uploads\/2014\/08\/Augusto-alla-Festa.jpg\" width=\"161\" height=\"90\" \/><\/a>Alla Festa per i suoi 2000 anni sta arrivando anche il suo fondatore, l&#8217;imperatore Giulio Ottaviano Augusto. E tu che fai, non vieni??<br \/>\n<a href=\"https:\/\/www.youtube.com\/watch?v=7mvGpiEG0Hw\">Gu<\/a><a href=\"https:\/\/www.youtube.com\/watch?v=7mvGpiEG0Hw\">arda il video!<\/a><\/p>\n<p>&nbsp;<\/p>\n<h3><b>Un giovane ponte di 2000 anni<\/b><\/h3>\n<h6><img decoding=\"async\" loading=\"lazy\" class=\"alignleft size-full wp-image-1252\" alt=\"XIX Festa de Borg\" src=\"http:\/\/www.societadeborg.it\/wordpress\/wp-content\/uploads\/2014\/05\/teinbotatiberio.jpg\" width=\"193\" height=\"176\" \/><\/h6>\n<p>Nell&#8217;anno in cui abbiamo mandato in soffitta il ponte di via Coletti che ha \u201cegregiamente servito\u201d la citt\u00e0 per circa 50 anni \u2013 e siamo ai tempi supplementari della vita dell&#8217;opera-, il ponte Tiberio \u00e8 -invece a tutt&#8217;oggi- ancora un giovane ponte di 2000 anni.<br \/>\nNon \u00e8 mai\u00a0andato in pensione: quante ne ha viste.<br \/>\nQuanti anni sono passati da quelle lontane calende di settembre del 14 d.C.\u00a0Quanta acqua ne \u00e8 passata sotto i ponti, si direbbe.<br \/>\nTanta. Tanta davvero.<\/p>\n<h2>IL PROGRAMMA DELLA FESTA:<\/h2>\n<p><strong>HAPPY BIRTHDAY&#8217;S WATER SQUARE: GLI SPETTACOLI DELL&#8217;INVASO<\/strong><\/p>\n<p>Centro nevralgico per le celebrazioni del compleanno del ponte sar\u00e0 la Piazza d&#8217;acqua dell&#8217;invaso, che sabato e domenica sera verr\u00e0 interamente dedicata \u2013 tra concerti e spettacoli &#8211; ai festeggiamenti dei 2000 anni di vita del ponte.<\/p>\n<p>&nbsp;<\/p>\n<p><a title=\"Sabato 6: gli spettacoli nell\u2019invaso\" href=\"http:\/\/www.societadeborg.it\/?page_id=1527\"><strong>Sabato<\/strong>:<strong><br \/>\nLa Bimillenaria Kitch Parade e\u00a0lo spettacolo di Video Bridge Mapping.<\/strong><\/a><\/p>\n<p><a title=\"Sabato 6: gli spettacoli nell\u2019invaso\" href=\"http:\/\/www.societadeborg.it\/?page_id=1527\"><img decoding=\"async\" loading=\"lazy\" class=\"size-full wp-image-1501 alignnone\" alt=\"sabato\" src=\"http:\/\/www.societadeborg.it\/wordpress\/wp-content\/uploads\/2014\/08\/sabato.jpg\" width=\"500\" height=\"157\" srcset=\"http:\/\/www.societadeborg.it\/wordpress\/wp-content\/uploads\/2014\/08\/sabato.jpg 500w, http:\/\/www.societadeborg.it\/wordpress\/wp-content\/uploads\/2014\/08\/sabato-300x94.jpg 300w\" sizes=\"(max-width: 500px) 100vw, 500px\" \/><\/a><\/p>\n<p>&nbsp;<\/p>\n<p><strong>Domenica:<br \/>\n<a title=\"Domenica 7: gli spettacoli nell\u2019invaso\" href=\"http:\/\/www.societadeborg.it\/?page_id=1529\"> Gran Concerto di Gala, &#8220;Happy birthday to you&#8230; mr. Tiberio!&#8221; e\u00a0fuochi d&#8217;artificio con concerto live.<\/a><\/strong><\/p>\n<p><a title=\"Domenica 7: gli spettacoli nell\u2019invaso\" href=\"http:\/\/www.societadeborg.it\/?page_id=1529\"><img decoding=\"async\" loading=\"lazy\" class=\"size-full wp-image-1502 alignnone\" alt=\"domenica\" src=\"http:\/\/www.societadeborg.it\/wordpress\/wp-content\/uploads\/2014\/08\/domenica.jpg\" width=\"700\" height=\"159\" srcset=\"http:\/\/www.societadeborg.it\/wordpress\/wp-content\/uploads\/2014\/08\/domenica.jpg 700w, http:\/\/www.societadeborg.it\/wordpress\/wp-content\/uploads\/2014\/08\/domenica-300x68.jpg 300w\" sizes=\"(max-width: 700px) 100vw, 700px\" \/><\/a><\/p>\n<p>&nbsp;<\/p>\n<p><strong>IN SAECULA SAECULORUM&#8230; AMEN!<br \/>\nAllestimenti nelle piazze e stand gastronomici<\/strong><\/p>\n<p>Cinque le arcate e cinque le piazze del borgo che raccoglieranno tutte le epoche che hanno transitato sopra il ponte dai Romani che l&#8217;anno costruito alla contemporaneit\u00e0 che per tenere fede a un impegno di sostenibilit\u00e0 e rispetto lo chiuder\u00e0 al transito veicolare per ridarlo a tutti i cittadini.<\/p>\n<table width=\"850\" border=\"0\">\n<tbody>\n<tr>\n<td align=\"center\"><a title=\"In saecula saeculorum: la Roma imperiale\" href=\"http:\/\/www.societadeborg.it\/?page_id=1536\"><img decoding=\"async\" loading=\"lazy\" class=\"  wp-image-1509\" alt=\"roma_imperiale\" src=\"http:\/\/www.societadeborg.it\/wordpress\/wp-content\/uploads\/2014\/08\/roma_imperiale.jpg\" width=\"225\" height=\"225\" srcset=\"http:\/\/www.societadeborg.it\/wordpress\/wp-content\/uploads\/2014\/08\/roma_imperiale.jpg 250w, http:\/\/www.societadeborg.it\/wordpress\/wp-content\/uploads\/2014\/08\/roma_imperiale-150x150.jpg 150w\" sizes=\"(max-width: 225px) 100vw, 225px\" \/><\/a><\/td>\n<td align=\"center\"><a title=\"In saecula saeculorum: storie dell\u2019anno 1000 e non solo\" href=\"http:\/\/www.societadeborg.it\/?page_id=1539\"><img decoding=\"async\" loading=\"lazy\" class=\" wp-image-1510\" alt=\"medioevo\" src=\"http:\/\/www.societadeborg.it\/wordpress\/wp-content\/uploads\/2014\/08\/medioevo.jpg\" width=\"225\" height=\"225\" srcset=\"http:\/\/www.societadeborg.it\/wordpress\/wp-content\/uploads\/2014\/08\/medioevo.jpg 250w, http:\/\/www.societadeborg.it\/wordpress\/wp-content\/uploads\/2014\/08\/medioevo-150x150.jpg 150w\" sizes=\"(max-width: 225px) 100vw, 225px\" \/><\/a><\/td>\n<td align=\"center\"><a title=\"In saecula saeculorum: l\u2019et\u00e0 della ragione e il risorgimento\" href=\"http:\/\/www.societadeborg.it\/?page_id=1541\"><img decoding=\"async\" loading=\"lazy\" class=\" wp-image-1512 alignnone\" alt=\"risorgimento\" src=\"http:\/\/www.societadeborg.it\/wordpress\/wp-content\/uploads\/2014\/08\/risorgimento.jpg\" width=\"225\" height=\"225\" srcset=\"http:\/\/www.societadeborg.it\/wordpress\/wp-content\/uploads\/2014\/08\/risorgimento.jpg 250w, http:\/\/www.societadeborg.it\/wordpress\/wp-content\/uploads\/2014\/08\/risorgimento-150x150.jpg 150w\" sizes=\"(max-width: 225px) 100vw, 225px\" \/><\/a><\/td>\n<\/tr>\n<\/tbody>\n<\/table>\n<table width=\"914\" border=\"0\">\n<tbody>\n<tr>\n<td align=\"center\" width=\"14%\"><\/td>\n<td align=\"center\" width=\"36%\"><a title=\"In saecula saeculorum: il secolo breve e il boom economico\" href=\"http:\/\/www.societadeborg.it\/?page_id=1544\"><img decoding=\"async\" loading=\"lazy\" class=\" wp-image-1513 alignnone\" alt=\"secolo_breve\" src=\"http:\/\/www.societadeborg.it\/wordpress\/wp-content\/uploads\/2014\/08\/secolo_breve.jpg\" width=\"225\" height=\"225\" srcset=\"http:\/\/www.societadeborg.it\/wordpress\/wp-content\/uploads\/2014\/08\/secolo_breve.jpg 250w, http:\/\/www.societadeborg.it\/wordpress\/wp-content\/uploads\/2014\/08\/secolo_breve-150x150.jpg 150w\" sizes=\"(max-width: 225px) 100vw, 225px\" \/><\/a><\/td>\n<td align=\"center\" width=\"36%\"><a title=\"In saecula saeculorum: ODIE\" href=\"http:\/\/www.societadeborg.it\/?page_id=1547\"><img decoding=\"async\" loading=\"lazy\" class=\" wp-image-1514\" alt=\"oggi\" src=\"http:\/\/www.societadeborg.it\/wordpress\/wp-content\/uploads\/2014\/08\/oggi.jpg\" width=\"225\" height=\"225\" srcset=\"http:\/\/www.societadeborg.it\/wordpress\/wp-content\/uploads\/2014\/08\/oggi.jpg 250w, http:\/\/www.societadeborg.it\/wordpress\/wp-content\/uploads\/2014\/08\/oggi-150x150.jpg 150w\" sizes=\"(max-width: 225px) 100vw, 225px\" \/><\/a><\/td>\n<td align=\"center\" width=\"14%\"><\/td>\n<\/tr>\n<\/tbody>\n<\/table>\n<p>&nbsp;<\/p>\n<p style=\"font-size: 11px;\">*Il calendario romano era considerevolmente diverso da quello moderno: prima della riforma di Giulio Cesare, aveva inizio a marzo (infatti settembre, \u00a0ottobre, novembre e dicembre erano rispettivamente settimo, ottavo, nono e decimo mese) e, almeno per gran parte dell&#8217;et\u00e0 repubblicana, non identificava gli anni con dei numeri, come al giorno d&#8217;oggi, bens\u00ec con il nome dei consoli quell&#8217;anno al potere (es: Titio Caioque consulibus). L&#8217;abitudine di attribuire ad ogni anno un numero prese piede verso la fine dell&#8217;et\u00e0 repubblicana, \u00a0quando Varrone calcol\u00f3 il 21 Aprile del 753 a.C. come data di fondazione di Roma. Questo port\u00f3 all&#8217;assegnazione ad ogni anno di un numero seguito dalla sigla a.U.c (ab Urbe condita, dalla fondazione della citt\u00e0), paragonabile al moderno d.C. o a.D. Per quanto riguarda il numero da assegnare ai giorni del mese, i romani non lo calcolavano a partire dall&#8217;inizio del mese, come i moderni, \u00a0bens\u00ec contando i giorni mancanti ad alcune date fisse: le calende, le none e le idi del mese. Queste a settembre cadono rispettivamente il primo, quinto e tredicesimo giorno del mese. Per tale motivo, \u00a0vista l&#8217;abitudine romana di contare anche il primo numero in una differenza fra i giorni (per cui per loro il 5 \u00e8 il quinto giorno prima del 9 del mese), risulta che il 6 e il 7 settembre sarebbero stati identificati rispettivamente come &#8220;il giorno dopo le none&#8221; e &#8220;il settimo giorno prima delle idi&#8221;<\/p>\n","protected":false},"excerpt":{"rendered":"<p>CONTROLLA SE HAI VINTO! QUI I BIGLIETTI VINCENTI!! &nbsp; XIX\u00b0 FESTA DE BORG: TIBERIO TEIN BOTA Ovvero: quanta acqua e&#8217; passata sotto i ponti, ma anche di gente sopra&#8230; 6\/7 Settembre 2767 a.U.c. * Alla Festa per i suoi 2000 anni sta arrivando anche il suo fondatore, l&#8217;imperatore Giulio Ottaviano Augusto. E tu che fai, non vieni?? Guarda il video! &nbsp; Un giovane ponte di 2000 anni Nell&#8217;anno in cui abbiamo mandato in soffitta il ponte di via Coletti che ha \u201cegregiamente servito\u201d la citt\u00e0 per circa 50 anni \u2013 e siamo ai tempi supplementari della vita dell&#8217;opera-, il ponte <a class=\"more-link\" href=\"http:\/\/www.societadeborg.it\/?page_id=1476\">Leggi tutto<\/a><\/p>\n","protected":false},"author":1,"featured_media":0,"parent":0,"menu_order":0,"comment_status":"closed","ping_status":"closed","template":"","meta":[],"_links":{"self":[{"href":"http:\/\/www.societadeborg.it\/index.php?rest_route=\/wp\/v2\/pages\/1476"}],"collection":[{"href":"http:\/\/www.societadeborg.it\/index.php?rest_route=\/wp\/v2\/pages"}],"about":[{"href":"http:\/\/www.societadeborg.it\/index.php?rest_route=\/wp\/v2\/types\/page"}],"author":[{"embeddable":true,"href":"http:\/\/www.societadeborg.it\/index.php?rest_route=\/wp\/v2\/users\/1"}],"replies":[{"embeddable":true,"href":"http:\/\/www.societadeborg.it\/index.php?rest_route=%2Fwp%2Fv2%2Fcomments&post=1476"}],"version-history":[{"count":88,"href":"http:\/\/www.societadeborg.it\/index.php?rest_route=\/wp\/v2\/pages\/1476\/revisions"}],"predecessor-version":[{"id":1686,"href":"http:\/\/www.societadeborg.it\/index.php?rest_route=\/wp\/v2\/pages\/1476\/revisions\/1686"}],"wp:attachment":[{"href":"http:\/\/www.societadeborg.it\/index.php?rest_route=%2Fwp%2Fv2%2Fmedia&parent=1476"}],"curies":[{"name":"wp","href":"https:\/\/api.w.org\/{rel}","templated":true}]}}